{"id":33463,"date":"2023-01-12T09:54:24","date_gmt":"2023-01-12T01:54:24","guid":{"rendered":"https:\/\/www.xiangxiangdaily.com\/lagerung-logistik\/"},"modified":"2026-02-28T17:22:54","modified_gmt":"2026-02-28T09:22:54","slug":"lagerung-logistik","status":"publish","type":"page","link":"https:\/\/www.xiangxiangdaily.com\/de\/lagerung-logistik\/","title":{"rendered":"Lagerhaltung &amp; Logistik"},"content":{"rendered":"\t\t<div data-elementor-type=\"wp-page\" data-elementor-id=\"33463\" class=\"elementor elementor-33463 elementor-3390\" data-elementor-post-type=\"page\">\n\t\t\t\t<div class=\"elementor-element elementor-element-58d7e74f e-flex e-con-boxed e-con e-parent\" data-id=\"58d7e74f\" data-element_type=\"container\" data-e-type=\"container\" data-settings=\"{&quot;background_background&quot;:&quot;classic&quot;}\">\n\t\t\t\t\t<div class=\"e-con-inner\">\n\t\t\t\t<div class=\"elementor-element elementor-element-21256f15 elementor-widget elementor-widget-heading\" data-id=\"21256f15\" data-element_type=\"widget\" data-e-type=\"widget\" data-widget_type=\"heading.default\">\n\t\t\t\t<div class=\"elementor-widget-container\">\n\t\t\t\t\t<h1 class=\"elementor-heading-title elementor-size-default\">Lagerhaltung und Logistik<\/h1>\t\t\t\t<\/div>\n\t\t\t\t<\/div>\n\t\t\t\t<div class=\"elementor-element elementor-element-c47be16 elementor-widget elementor-widget-heading\" data-id=\"c47be16\" data-element_type=\"widget\" data-e-type=\"widget\" data-widget_type=\"heading.default\">\n\t\t\t\t<div class=\"elementor-widget-container\">\n\t\t\t\t\t<p class=\"elementor-heading-title elementor-size-default\">Unsere Transportabteilung kann Sie bei all Ihren Lager- und Logistikanforderungen und -herausforderungen unterst\u00fctzen.<\/p>\t\t\t\t<\/div>\n\t\t\t\t<\/div>\n\t\t\t\t<div class=\"elementor-element elementor-element-124e2d6 elementor-widget elementor-widget-breadcrumbs\" data-id=\"124e2d6\" data-element_type=\"widget\" data-e-type=\"widget\" data-widget_type=\"breadcrumbs.default\">\n\t\t\t\t<div class=\"elementor-widget-container\">\n\t\t\t\t\t<nav><span class=\"last\">Startseite<\/span><\/nav>\t\t\t\t<\/div>\n\t\t\t\t<\/div>\n\t\t\t\t\t<\/div>\n\t\t\t\t<\/div>\n\t\t<div class=\"elementor-element elementor-element-2847bac e-flex e-con-boxed e-con e-parent\" data-id=\"2847bac\" data-element_type=\"container\" data-e-type=\"container\">\n\t\t\t\t\t<div class=\"e-con-inner\">\n\t\t<div class=\"elementor-element elementor-element-b5f33d0 e-flex e-con-boxed e-con e-child\" data-id=\"b5f33d0\" data-element_type=\"container\" data-e-type=\"container\">\n\t\t\t\t\t<div class=\"e-con-inner\">\n\t\t<div class=\"elementor-element elementor-element-44d09ff e-flex e-con-boxed e-con e-child\" data-id=\"44d09ff\" data-element_type=\"container\" data-e-type=\"container\">\n\t\t\t\t\t<div class=\"e-con-inner\">\n\t\t\t\t<div class=\"elementor-element elementor-element-b1321b6 elementor-widget elementor-widget-heading\" data-id=\"b1321b6\" data-element_type=\"widget\" data-e-type=\"widget\" data-widget_type=\"heading.default\">\n\t\t\t\t<div class=\"elementor-widget-container\">\n\t\t\t\t\t<h2 class=\"elementor-heading-title elementor-size-default\">Die Bedeutung der Inventarverwaltung<\/h2>\t\t\t\t<\/div>\n\t\t\t\t<\/div>\n\t\t\t\t<div class=\"elementor-element elementor-element-f10bccf elementor-widget elementor-widget-heading\" data-id=\"f10bccf\" data-element_type=\"widget\" data-e-type=\"widget\" data-widget_type=\"heading.default\">\n\t\t\t\t<div class=\"elementor-widget-container\">\n\t\t\t\t\t<p class=\"elementor-heading-title elementor-size-default\">Xiangxiang verf\u00fcgt \u00fcber strategisch g\u00fcnstig gelegene Lagerh\u00e4user in ganz China, die auf einer Fl\u00e4che von \u00fcber 3.000.000 Quadratmetern mehr als 5.000 Artikel vorr\u00e4tig halten und gleichzeitig reichlich Platz f\u00fcr kundeneigene Best\u00e4nde bieten.<\/p>\t\t\t\t<\/div>\n\t\t\t\t<\/div>\n\t\t\t\t<div class=\"elementor-element elementor-element-fcbd2db elementor-widget elementor-widget-heading\" data-id=\"fcbd2db\" data-element_type=\"widget\" data-e-type=\"widget\" data-widget_type=\"heading.default\">\n\t\t\t\t<div class=\"elementor-widget-container\">\n\t\t\t\t\t<p class=\"elementor-heading-title elementor-size-default\">Wir wissen, dass viele Kunden nicht den n\u00f6tigen Platz haben, um ihr Inventar zu lagern. Deshalb bietet Xiangxiang seinen Kunden JIT-Programme (Just In Time) an. Wir k\u00f6nnen mit Ihnen zusammenarbeiten, um ein ma\u00dfgeschneidertes Lagerhaltungsprogramm zu erstellen, das den spezifischen Anforderungen Ihres Unternehmens entspricht.<\/p>\t\t\t\t<\/div>\n\t\t\t\t<\/div>\n\t\t\t\t\t<\/div>\n\t\t\t\t<\/div>\n\t\t<div class=\"elementor-element elementor-element-0bc7e36 e-flex e-con-boxed e-con e-child\" data-id=\"0bc7e36\" data-element_type=\"container\" data-e-type=\"container\">\n\t\t\t\t\t<div class=\"e-con-inner\">\n\t\t\t\t<div class=\"elementor-element elementor-element-45eebcb elementor-widget elementor-widget-image\" data-id=\"45eebcb\" data-element_type=\"widget\" data-e-type=\"widget\" data-widget_type=\"image.default\">\n\t\t\t\t<div class=\"elementor-widget-container\">\n\t\t\t\t\t\t\t\t\t\t\t\t\t\t\t<img fetchpriority=\"high\" decoding=\"async\" width=\"800\" height=\"534\" src=\"https:\/\/www.xiangxiangdaily.com\/wp-content\/uploads\/2023\/12\/Inventory-Management.webp\" class=\"attachment-large size-large wp-image-98873\" alt=\"Inventory Management\" \/>\t\t\t\t\t\t\t\t\t\t\t\t\t\t\t<\/div>\n\t\t\t\t<\/div>\n\t\t\t\t\t<\/div>\n\t\t\t\t<\/div>\n\t\t\t\t\t<\/div>\n\t\t\t\t<\/div>\n\t\t<div class=\"elementor-element elementor-element-0ef9547 e-flex e-con-boxed e-con e-child\" data-id=\"0ef9547\" data-element_type=\"container\" data-e-type=\"container\">\n\t\t\t\t\t<div class=\"e-con-inner\">\n\t\t\t\t<div class=\"elementor-element elementor-element-a63d6ae elementor-widget__width-auto elementor-widget elementor-widget-heading\" data-id=\"a63d6ae\" data-element_type=\"widget\" data-e-type=\"widget\" data-widget_type=\"heading.default\">\n\t\t\t\t<div class=\"elementor-widget-container\">\n\t\t\t\t\t<h4 class=\"elementor-heading-title elementor-size-default\">Unsere Vorteile<\/h4>\t\t\t\t<\/div>\n\t\t\t\t<\/div>\n\t\t\t\t<div class=\"elementor-element elementor-element-000f8d1 elementor-widget-divider--view-line elementor-widget elementor-widget-divider\" data-id=\"000f8d1\" data-element_type=\"widget\" data-e-type=\"widget\" data-widget_type=\"divider.default\">\n\t\t\t\t<div class=\"elementor-widget-container\">\n\t\t\t\t\t\t\t<div class=\"elementor-divider\">\n\t\t\t<span class=\"elementor-divider-separator\">\n\t\t\t\t\t\t<\/span>\n\t\t<\/div>\n\t\t\t\t\t\t<\/div>\n\t\t\t\t<\/div>\n\t\t\t\t\t<\/div>\n\t\t\t\t<\/div>\n\t\t<div class=\"elementor-element elementor-element-e99f0ad e-flex e-con-boxed e-con e-child\" data-id=\"e99f0ad\" data-element_type=\"container\" data-e-type=\"container\">\n\t\t\t\t\t<div class=\"e-con-inner\">\n\t\t<div class=\"elementor-element elementor-element-a11ae85 e-flex e-con-boxed e-con e-child\" data-id=\"a11ae85\" data-element_type=\"container\" data-e-type=\"container\">\n\t\t\t\t\t<div class=\"e-con-inner\">\n\t\t<div class=\"elementor-element elementor-element-d8ff5f4 e-flex e-con-boxed e-con e-child\" data-id=\"d8ff5f4\" data-element_type=\"container\" data-e-type=\"container\">\n\t\t\t\t\t<div class=\"e-con-inner\">\n\t\t\t\t<div class=\"elementor-element elementor-element-be957ef elementor-view-default elementor-widget elementor-widget-icon\" data-id=\"be957ef\" data-element_type=\"widget\" data-e-type=\"widget\" data-widget_type=\"icon.default\">\n\t\t\t\t<div class=\"elementor-widget-container\">\n\t\t\t\t\t\t\t<div class=\"elementor-icon-wrapper\">\n\t\t\t<div class=\"elementor-icon\">\n\t\t\t<i aria-hidden=\"true\" class=\"fas fa-check-circle\"><\/i>\t\t\t<\/div>\n\t\t<\/div>\n\t\t\t\t\t\t<\/div>\n\t\t\t\t<\/div>\n\t\t\t\t<div class=\"elementor-element elementor-element-b3ea375 elementor-widget elementor-widget-heading\" data-id=\"b3ea375\" data-element_type=\"widget\" data-e-type=\"widget\" data-widget_type=\"heading.default\">\n\t\t\t\t<div class=\"elementor-widget-container\">\n\t\t\t\t\t<h5 class=\"elementor-heading-title elementor-size-default\">Praktikable Vorlaufzeiten<\/h5>\t\t\t\t<\/div>\n\t\t\t\t<\/div>\n\t\t\t\t\t<\/div>\n\t\t\t\t<\/div>\n\t\t\t\t<div class=\"elementor-element elementor-element-c928bd8 elementor-widget elementor-widget-heading\" data-id=\"c928bd8\" data-element_type=\"widget\" data-e-type=\"widget\" data-widget_type=\"heading.default\">\n\t\t\t\t<div class=\"elementor-widget-container\">\n\t\t\t\t\t<p class=\"elementor-heading-title elementor-size-default\">Sorgf\u00e4ltige Planung und ein lokaler Standort tragen dazu bei, einen hohen Lagerbestand und \u00fcberschaubare Lieferzeiten zu gew\u00e4hrleisten.<\/p>\t\t\t\t<\/div>\n\t\t\t\t<\/div>\n\t\t\t\t\t<\/div>\n\t\t\t\t<\/div>\n\t\t<div class=\"elementor-element elementor-element-5e21863 e-flex e-con-boxed e-con e-child\" data-id=\"5e21863\" data-element_type=\"container\" data-e-type=\"container\">\n\t\t\t\t\t<div class=\"e-con-inner\">\n\t\t<div class=\"elementor-element elementor-element-def29c8 e-flex e-con-boxed e-con e-child\" data-id=\"def29c8\" data-element_type=\"container\" data-e-type=\"container\">\n\t\t\t\t\t<div class=\"e-con-inner\">\n\t\t\t\t<div class=\"elementor-element elementor-element-ab55345 elementor-view-default elementor-widget elementor-widget-icon\" data-id=\"ab55345\" data-element_type=\"widget\" data-e-type=\"widget\" data-widget_type=\"icon.default\">\n\t\t\t\t<div class=\"elementor-widget-container\">\n\t\t\t\t\t\t\t<div class=\"elementor-icon-wrapper\">\n\t\t\t<div class=\"elementor-icon\">\n\t\t\t<i aria-hidden=\"true\" class=\"fas fa-check-circle\"><\/i>\t\t\t<\/div>\n\t\t<\/div>\n\t\t\t\t\t\t<\/div>\n\t\t\t\t<\/div>\n\t\t\t\t<div class=\"elementor-element elementor-element-1abcb6d elementor-widget elementor-widget-heading\" data-id=\"1abcb6d\" data-element_type=\"widget\" data-e-type=\"widget\" data-widget_type=\"heading.default\">\n\t\t\t\t<div class=\"elementor-widget-container\">\n\t\t\t\t\t<h5 class=\"elementor-heading-title elementor-size-default\">Sicherheitsvorrat<\/h5>\t\t\t\t<\/div>\n\t\t\t\t<\/div>\n\t\t\t\t\t<\/div>\n\t\t\t\t<\/div>\n\t\t\t\t<div class=\"elementor-element elementor-element-ad0dd83 elementor-widget elementor-widget-heading\" data-id=\"ad0dd83\" data-element_type=\"widget\" data-e-type=\"widget\" data-widget_type=\"heading.default\">\n\t\t\t\t<div class=\"elementor-widget-container\">\n\t\t\t\t\t<p class=\"elementor-heading-title elementor-size-default\">Bestandsbewegungen rund um die Uhr und Echtzeit\u00fcberwachung in Kombination mit einer durchdachten modularen Struktur garantieren die Sicherheit und Integrit\u00e4t Ihrer Produkte.<\/p>\t\t\t\t<\/div>\n\t\t\t\t<\/div>\n\t\t\t\t\t<\/div>\n\t\t\t\t<\/div>\n\t\t<div class=\"elementor-element elementor-element-d7851d4 e-flex e-con-boxed e-con e-child\" data-id=\"d7851d4\" data-element_type=\"container\" data-e-type=\"container\">\n\t\t\t\t\t<div class=\"e-con-inner\">\n\t\t<div class=\"elementor-element elementor-element-386433f e-flex e-con-boxed e-con e-child\" data-id=\"386433f\" data-element_type=\"container\" data-e-type=\"container\">\n\t\t\t\t\t<div class=\"e-con-inner\">\n\t\t\t\t<div class=\"elementor-element elementor-element-6dec090 elementor-view-default elementor-widget elementor-widget-icon\" data-id=\"6dec090\" data-element_type=\"widget\" data-e-type=\"widget\" data-widget_type=\"icon.default\">\n\t\t\t\t<div class=\"elementor-widget-container\">\n\t\t\t\t\t\t\t<div class=\"elementor-icon-wrapper\">\n\t\t\t<div class=\"elementor-icon\">\n\t\t\t<i aria-hidden=\"true\" class=\"fas fa-check-circle\"><\/i>\t\t\t<\/div>\n\t\t<\/div>\n\t\t\t\t\t\t<\/div>\n\t\t\t\t<\/div>\n\t\t\t\t<div class=\"elementor-element elementor-element-1e80229 elementor-widget elementor-widget-heading\" data-id=\"1e80229\" data-element_type=\"widget\" data-e-type=\"widget\" data-widget_type=\"heading.default\">\n\t\t\t\t<div class=\"elementor-widget-container\">\n\t\t\t\t\t<h5 class=\"elementor-heading-title elementor-size-default\">Effizienz bestellen<\/h5>\t\t\t\t<\/div>\n\t\t\t\t<\/div>\n\t\t\t\t\t<\/div>\n\t\t\t\t<\/div>\n\t\t\t\t<div class=\"elementor-element elementor-element-40d4fc6 elementor-widget elementor-widget-heading\" data-id=\"40d4fc6\" data-element_type=\"widget\" data-e-type=\"widget\" data-widget_type=\"heading.default\">\n\t\t\t\t<div class=\"elementor-widget-container\">\n\t\t\t\t\t<p class=\"elementor-heading-title elementor-size-default\">Unser gut sortiertes Produktsystem sorgt daf\u00fcr, dass wir jede Nachfrage nach gro\u00dfen Mengen von Artikeln, die gelagert werden m\u00fcssen, schnell und effektiv erf\u00fcllen k\u00f6nnen.<\/p>\t\t\t\t<\/div>\n\t\t\t\t<\/div>\n\t\t\t\t\t<\/div>\n\t\t\t\t<\/div>\n\t\t<div class=\"elementor-element elementor-element-45136c0 e-flex e-con-boxed e-con e-child\" data-id=\"45136c0\" data-element_type=\"container\" data-e-type=\"container\">\n\t\t\t\t\t<div class=\"e-con-inner\">\n\t\t<div class=\"elementor-element elementor-element-bd1a31b e-flex e-con-boxed e-con e-child\" data-id=\"bd1a31b\" data-element_type=\"container\" data-e-type=\"container\">\n\t\t\t\t\t<div class=\"e-con-inner\">\n\t\t\t\t<div class=\"elementor-element elementor-element-bd7ae08 elementor-view-default elementor-widget elementor-widget-icon\" data-id=\"bd7ae08\" data-element_type=\"widget\" data-e-type=\"widget\" data-widget_type=\"icon.default\">\n\t\t\t\t<div class=\"elementor-widget-container\">\n\t\t\t\t\t\t\t<div class=\"elementor-icon-wrapper\">\n\t\t\t<div class=\"elementor-icon\">\n\t\t\t<i aria-hidden=\"true\" class=\"fas fa-check-circle\"><\/i>\t\t\t<\/div>\n\t\t<\/div>\n\t\t\t\t\t\t<\/div>\n\t\t\t\t<\/div>\n\t\t\t\t<div class=\"elementor-element elementor-element-526e504 elementor-widget elementor-widget-heading\" data-id=\"526e504\" data-element_type=\"widget\" data-e-type=\"widget\" data-widget_type=\"heading.default\">\n\t\t\t\t<div class=\"elementor-widget-container\">\n\t\t\t\t\t<h5 class=\"elementor-heading-title elementor-size-default\">Ersparnisse<\/h5>\t\t\t\t<\/div>\n\t\t\t\t<\/div>\n\t\t\t\t\t<\/div>\n\t\t\t\t<\/div>\n\t\t\t\t<div class=\"elementor-element elementor-element-f0e67d9 elementor-widget elementor-widget-heading\" data-id=\"f0e67d9\" data-element_type=\"widget\" data-e-type=\"widget\" data-widget_type=\"heading.default\">\n\t\t\t\t<div class=\"elementor-widget-container\">\n\t\t\t\t\t<p class=\"elementor-heading-title elementor-size-default\">Reduzieren Sie Ihre Inventarkosten von Anfang an. Xiangxiang k\u00fcmmert sich f\u00fcr Sie um die Bilanz- und Bestandsverwaltung und befreit Sie von diesen Sorgen.<\/p>\t\t\t\t<\/div>\n\t\t\t\t<\/div>\n\t\t\t\t\t<\/div>\n\t\t\t\t<\/div>\n\t\t\t\t\t<\/div>\n\t\t\t\t<\/div>\n\t\t\t\t\t<\/div>\n\t\t\t\t<\/div>\n\t\t<div class=\"elementor-element elementor-element-baecba5 e-flex e-con-boxed e-con e-parent\" data-id=\"baecba5\" data-element_type=\"container\" data-e-type=\"container\" data-settings=\"{&quot;background_background&quot;:&quot;classic&quot;}\">\n\t\t\t\t\t<div class=\"e-con-inner\">\n\t\t<div class=\"elementor-element elementor-element-729f886 e-flex e-con-boxed e-con e-child\" data-id=\"729f886\" data-element_type=\"container\" data-e-type=\"container\">\n\t\t\t\t\t<div class=\"e-con-inner\">\n\t\t<div class=\"elementor-element elementor-element-bec0f69 e-flex e-con-boxed e-con e-child\" data-id=\"bec0f69\" data-element_type=\"container\" data-e-type=\"container\">\n\t\t\t\t\t<div class=\"e-con-inner\">\n\t\t\t\t<div class=\"elementor-element elementor-element-9e1b77c elementor-widget elementor-widget-heading\" data-id=\"9e1b77c\" data-element_type=\"widget\" data-e-type=\"widget\" data-widget_type=\"heading.default\">\n\t\t\t\t<div class=\"elementor-widget-container\">\n\t\t\t\t\t<h2 class=\"elementor-heading-title elementor-size-default\">Das Ergebnis?  <br>P\u00fcnktliche Lieferung Ihrer Bestellungen!<\/h2>\t\t\t\t<\/div>\n\t\t\t\t<\/div>\n\t\t\t\t<div class=\"elementor-element elementor-element-1ca5fe5 elementor-widget-divider--view-line elementor-widget elementor-widget-divider\" data-id=\"1ca5fe5\" data-element_type=\"widget\" data-e-type=\"widget\" data-widget_type=\"divider.default\">\n\t\t\t\t<div class=\"elementor-widget-container\">\n\t\t\t\t\t\t\t<div class=\"elementor-divider\">\n\t\t\t<span class=\"elementor-divider-separator\">\n\t\t\t\t\t\t<\/span>\n\t\t<\/div>\n\t\t\t\t\t\t<\/div>\n\t\t\t\t<\/div>\n\t\t\t\t\t<\/div>\n\t\t\t\t<\/div>\n\t\t<div class=\"elementor-element elementor-element-c3676d7 e-flex e-con-boxed e-con e-child\" data-id=\"c3676d7\" data-element_type=\"container\" data-e-type=\"container\">\n\t\t\t\t\t<div class=\"e-con-inner\">\n\t\t\t\t<div class=\"elementor-element elementor-element-efda033 elementor-widget elementor-widget-text-editor\" data-id=\"efda033\" data-element_type=\"widget\" data-e-type=\"widget\" data-widget_type=\"text-editor.default\">\n\t\t\t\t<div class=\"elementor-widget-container\">\n\t\t\t\t\t\t\t\t\t<p>Die Sicherstellung einer prompten und zuverl\u00e4ssigen Lieferung ist f\u00fcr unseren Gesch\u00e4ftserfolg von gr\u00f6\u00dfter Bedeutung und hat in unserem umfassenden<span style=\"text-decoration: underline; color: #00ccff;\"> <a style=\"color: #00ccff; text-decoration: underline;\" href=\"https:\/\/www.xiangxiangdaily.com\/de\/dienstleistungen\/\">Lieferkettenmanagement<\/a><\/span> oberste Priorit\u00e4t. Unser engagiertes Lagerteam k\u00fcmmert sich sorgf\u00e4ltig um die Lagerung und den Versand der Produkte, so dass wir Verz\u00f6gerungen minimieren und Ihre Erwartungen in hervorragender Weise erf\u00fcllen k\u00f6nnen. Durch den direkten Vertrieb von unseren Zentren und Filialen aus legen wir gr\u00f6\u00dften Wert auf eine p\u00fcnktliche Auftragsabwicklung und liefern Ihre Bestellungen stets p\u00fcnktlich aus. <\/p>\t\t\t\t\t\t\t\t<\/div>\n\t\t\t\t<\/div>\n\t\t\t\t\t<\/div>\n\t\t\t\t<\/div>\n\t\t\t\t\t<\/div>\n\t\t\t\t<\/div>\n\t\t<div class=\"elementor-element elementor-element-3f5bfca e-flex e-con-boxed e-con e-child\" data-id=\"3f5bfca\" data-element_type=\"container\" data-e-type=\"container\">\n\t\t\t\t\t<div class=\"e-con-inner\">\n\t\t<div class=\"elementor-element elementor-element-45080a6 e-flex e-con-boxed e-con e-child\" data-id=\"45080a6\" data-element_type=\"container\" data-e-type=\"container\">\n\t\t\t\t\t<div class=\"e-con-inner\">\n\t\t\t\t<div class=\"elementor-element elementor-element-0b6cf22 elementor-widget elementor-widget-image\" data-id=\"0b6cf22\" data-element_type=\"widget\" data-e-type=\"widget\" data-widget_type=\"image.default\">\n\t\t\t\t<div class=\"elementor-widget-container\">\n\t\t\t\t\t\t\t\t\t\t\t\t\t\t\t<img decoding=\"async\" width=\"580\" height=\"450\" src=\"https:\/\/www.xiangxiangdaily.com\/wp-content\/uploads\/2023\/12\/shipping-service.webp\" class=\"attachment-large size-large wp-image-98881\" alt=\"shipping service\" \/>\t\t\t\t\t\t\t\t\t\t\t\t\t\t\t<\/div>\n\t\t\t\t<\/div>\n\t\t\t\t\t<\/div>\n\t\t\t\t<\/div>\n\t\t<div class=\"elementor-element elementor-element-a1b4098 e-flex e-con-boxed e-con e-child\" data-id=\"a1b4098\" data-element_type=\"container\" data-e-type=\"container\">\n\t\t\t\t\t<div class=\"e-con-inner\">\n\t\t\t\t<div class=\"elementor-element elementor-element-31bab87 elementor-widget elementor-widget-heading\" data-id=\"31bab87\" data-element_type=\"widget\" data-e-type=\"widget\" data-widget_type=\"heading.default\">\n\t\t\t\t<div class=\"elementor-widget-container\">\n\t\t\t\t\t<h3 class=\"elementor-heading-title elementor-size-default\">Zuverl\u00e4ssiger und vertrauensw\u00fcrdiger Versandservice<\/h3>\t\t\t\t<\/div>\n\t\t\t\t<\/div>\n\t\t\t\t<div class=\"elementor-element elementor-element-1150780 elementor-widget elementor-widget-heading\" data-id=\"1150780\" data-element_type=\"widget\" data-e-type=\"widget\" data-widget_type=\"heading.default\">\n\t\t\t\t<div class=\"elementor-widget-container\">\n\t\t\t\t\t<p class=\"elementor-heading-title elementor-size-default\">Obwohl wir Kosmetika mit gro\u00dfer Sorgfalt verpacken, besteht dennoch die M\u00f6glichkeit einer Besch\u00e4digung w\u00e4hrend des Versands. Um Ihre Produkte zu sch\u00fctzen, \u00fcberwachen wir jede Lieferung genau und bewerten die Handhabungsprotokolle der Spediteure. Unsere wachsame Aufmerksamkeit garantiert die sorgf\u00e4ltige Behandlung empfindlicher Kosmetika und sorgt daf\u00fcr, dass alle Sendungen p\u00fcnktlich ankommen.<\/p>\t\t\t\t<\/div>\n\t\t\t\t<\/div>\n\t\t\t\t<div class=\"elementor-element elementor-element-adb5965 elementor-widget elementor-widget-heading\" data-id=\"adb5965\" data-element_type=\"widget\" data-e-type=\"widget\" data-widget_type=\"heading.default\">\n\t\t\t\t<div class=\"elementor-widget-container\">\n\t\t\t\t\t<p class=\"elementor-heading-title elementor-size-default\">Xiangxiang bietet verschiedene Versandoptionen an, die Sie unten finden k\u00f6nnen. F\u00fcr jedes Produkt auf unserer Website k\u00f6nnen Sie eine bestimmte Versandoption w\u00e4hlen oder unserem Vorschlag folgen.<\/p>\t\t\t\t<\/div>\n\t\t\t\t<\/div>\n\t\t\t\t\t<\/div>\n\t\t\t\t<\/div>\n\t\t\t\t\t<\/div>\n\t\t\t\t<\/div>\n\t\t\t\t\t<\/div>\n\t\t\t\t<\/div>\n\t\t<div class=\"elementor-element elementor-element-24fa285 e-flex e-con-boxed e-con e-parent\" data-id=\"24fa285\" data-element_type=\"container\" data-e-type=\"container\">\n\t\t\t\t\t<div class=\"e-con-inner\">\n\t\t<div class=\"elementor-element elementor-element-33cd060 e-con-full e-flex e-con e-child\" data-id=\"33cd060\" data-element_type=\"container\" data-e-type=\"container\">\n\t\t<div class=\"elementor-element elementor-element-25cc187 e-flex e-con-boxed e-con e-child\" data-id=\"25cc187\" data-element_type=\"container\" data-e-type=\"container\">\n\t\t\t\t\t<div class=\"e-con-inner\">\n\t\t\t\t<div class=\"elementor-element elementor-element-a72b7f7 elementor-widget elementor-widget-image\" data-id=\"a72b7f7\" data-element_type=\"widget\" data-e-type=\"widget\" data-widget_type=\"image.default\">\n\t\t\t\t<div class=\"elementor-widget-container\">\n\t\t\t\t\t\t\t\t\t\t\t\t\t\t\t<img decoding=\"async\" width=\"40\" height=\"22\" src=\"https:\/\/www.xiangxiangdaily.com\/wp-content\/uploads\/2023\/12\/Express-Service.png\" class=\"attachment-large size-large wp-image-98897\" alt=\"\" \/>\t\t\t\t\t\t\t\t\t\t\t\t\t\t\t<\/div>\n\t\t\t\t<\/div>\n\t\t\t\t<div class=\"elementor-element elementor-element-c2e654d elementor-widget elementor-widget-heading\" data-id=\"c2e654d\" data-element_type=\"widget\" data-e-type=\"widget\" data-widget_type=\"heading.default\">\n\t\t\t\t<div class=\"elementor-widget-container\">\n\t\t\t\t\t<h3 class=\"elementor-heading-title elementor-size-default\">Express-Service<\/h3>\t\t\t\t<\/div>\n\t\t\t\t<\/div>\n\t\t\t\t\t<\/div>\n\t\t\t\t<\/div>\n\t\t\t\t<div class=\"elementor-element elementor-element-54f2fe9 elementor-widget elementor-widget-heading\" data-id=\"54f2fe9\" data-element_type=\"widget\" data-e-type=\"widget\" data-widget_type=\"heading.default\">\n\t\t\t\t<div class=\"elementor-widget-container\">\n\t\t\t\t\t<p class=\"elementor-heading-title elementor-size-default\">F\u00fcr eine kosteng\u00fcnstige und schnelle Lieferung empfehlen wir Ihnen unseren Express-Kurierdienst. Mit unserem Engagement f\u00fcr einen schnellen Versand garantieren wir Ihnen, dass Ihre Sendungen am n\u00e4chsten Tag ankommen, so dass Sie sowohl Zeit als auch Geld sparen.<\/p>\t\t\t\t<\/div>\n\t\t\t\t<\/div>\n\t\t\t\t<\/div>\n\t\t<div class=\"elementor-element elementor-element-59806ef e-con-full e-flex e-con e-child\" data-id=\"59806ef\" data-element_type=\"container\" data-e-type=\"container\">\n\t\t<div class=\"elementor-element elementor-element-d79eeeb e-flex e-con-boxed e-con e-child\" data-id=\"d79eeeb\" data-element_type=\"container\" data-e-type=\"container\">\n\t\t\t\t\t<div class=\"e-con-inner\">\n\t\t\t\t<div class=\"elementor-element elementor-element-fb637b9 elementor-widget elementor-widget-image\" data-id=\"fb637b9\" data-element_type=\"widget\" data-e-type=\"widget\" data-widget_type=\"image.default\">\n\t\t\t\t<div class=\"elementor-widget-container\">\n\t\t\t\t\t\t\t\t\t\t\t\t\t\t\t<img loading=\"lazy\" decoding=\"async\" width=\"40\" height=\"22\" src=\"https:\/\/www.xiangxiangdaily.com\/wp-content\/uploads\/2023\/12\/Air-Freight.png\" class=\"attachment-large size-large wp-image-98889\" alt=\"Air Freight\" \/>\t\t\t\t\t\t\t\t\t\t\t\t\t\t\t<\/div>\n\t\t\t\t<\/div>\n\t\t\t\t<div class=\"elementor-element elementor-element-35dc6d7 elementor-widget elementor-widget-heading\" data-id=\"35dc6d7\" data-element_type=\"widget\" data-e-type=\"widget\" data-widget_type=\"heading.default\">\n\t\t\t\t<div class=\"elementor-widget-container\">\n\t\t\t\t\t<h3 class=\"elementor-heading-title elementor-size-default\">Luftfracht<\/h3>\t\t\t\t<\/div>\n\t\t\t\t<\/div>\n\t\t\t\t\t<\/div>\n\t\t\t\t<\/div>\n\t\t\t\t<div class=\"elementor-element elementor-element-95dc66e elementor-widget elementor-widget-heading\" data-id=\"95dc66e\" data-element_type=\"widget\" data-e-type=\"widget\" data-widget_type=\"heading.default\">\n\t\t\t\t<div class=\"elementor-widget-container\">\n\t\t\t\t\t<p class=\"elementor-heading-title elementor-size-default\">F\u00fcr den weltweiten Versand von Artikeln, die schnell ankommen m\u00fcssen, verwenden wir den Luftfrachtversand: FEDEX, DHL, UPS, TNT. Wir verf\u00fcgen \u00fcber ein breites Netzwerk mit den besten Fluggesellschaften, so dass wir Ihre Pakete sehr schnell zustellen k\u00f6nnen.<\/p>\t\t\t\t<\/div>\n\t\t\t\t<\/div>\n\t\t\t\t<\/div>\n\t\t\t\t\t<\/div>\n\t\t\t\t<\/div>\n\t\t\t\t<\/div>\n\t\t","protected":false},"excerpt":{"rendered":"<p>Lagerhaltung und Logistik Unsere Transportabteilung kann Sie bei all Ihren Lager- und Logistikanforderungen und -herausforderungen unterst\u00fctzen. Home Die Bedeutung der Inventarverwaltung Xiangxiang verf\u00fcgt \u00fcber strategisch g\u00fcnstig gelegene Lagerh\u00e4user in ganz China, die auf einer Fl\u00e4che von \u00fcber 3.000.000 Quadratmetern mehr als 5.000 Artikel vorr\u00e4tig halten und gleichzeitig reichlich Platz f\u00fcr kundeneigene Best\u00e4nde bieten. Wir wissen, [&hellip;]<\/p>\n","protected":false},"author":1,"featured_media":33466,"parent":0,"menu_order":0,"comment_status":"closed","ping_status":"closed","template":"","meta":{"_acf_changed":false,"footnotes":""},"class_list":["post-33463","page","type-page","status-publish","has-post-thumbnail","hentry"],"acf":[],"_links":{"self":[{"href":"https:\/\/www.xiangxiangdaily.com\/de\/wp-json\/wp\/v2\/pages\/33463","targetHints":{"allow":["GET"]}}],"collection":[{"href":"https:\/\/www.xiangxiangdaily.com\/de\/wp-json\/wp\/v2\/pages"}],"about":[{"href":"https:\/\/www.xiangxiangdaily.com\/de\/wp-json\/wp\/v2\/types\/page"}],"author":[{"embeddable":true,"href":"https:\/\/www.xiangxiangdaily.com\/de\/wp-json\/wp\/v2\/users\/1"}],"replies":[{"embeddable":true,"href":"https:\/\/www.xiangxiangdaily.com\/de\/wp-json\/wp\/v2\/comments?post=33463"}],"version-history":[{"count":0,"href":"https:\/\/www.xiangxiangdaily.com\/de\/wp-json\/wp\/v2\/pages\/33463\/revisions"}],"wp:featuredmedia":[{"embeddable":true,"href":"https:\/\/www.xiangxiangdaily.com\/de\/wp-json\/wp\/v2\/media\/33466"}],"wp:attachment":[{"href":"https:\/\/www.xiangxiangdaily.com\/de\/wp-json\/wp\/v2\/media?parent=33463"}],"curies":[{"name":"wp","href":"https:\/\/api.w.org\/{rel}","templated":true}]}}