{"id":62903,"date":"2022-03-02T09:54:53","date_gmt":"2022-03-02T01:54:53","guid":{"rendered":"https:\/\/www.xiangxiangdaily.com\/privacy-policy\/"},"modified":"2026-02-28T17:23:49","modified_gmt":"2026-02-28T09:23:49","slug":"privacy-policy","status":"publish","type":"page","link":"https:\/\/www.xiangxiangdaily.com\/es\/privacy-policy\/","title":{"rendered":"Pol\u00edtica de privacidad"},"content":{"rendered":"\t\t<div data-elementor-type=\"wp-page\" data-elementor-id=\"62903\" class=\"elementor elementor-62903 elementor-1017\" data-elementor-post-type=\"page\">\n\t\t\t\t<div class=\"elementor-element elementor-element-51053e5 e-flex e-con-boxed e-con e-parent\" data-id=\"51053e5\" data-element_type=\"container\" data-e-type=\"container\" data-settings=\"{&quot;background_background&quot;:&quot;classic&quot;}\">\n\t\t\t\t\t<div class=\"e-con-inner\">\n\t\t\t\t<div class=\"elementor-element elementor-element-3754c262 elementor-widget elementor-widget-heading\" data-id=\"3754c262\" data-element_type=\"widget\" data-e-type=\"widget\" data-widget_type=\"heading.default\">\n\t\t\t\t<div class=\"elementor-widget-container\">\n\t\t\t\t\t<h1 class=\"elementor-heading-title elementor-size-default\">  Pol\u00edtica de privacidad<\/h1>\t\t\t\t<\/div>\n\t\t\t\t<\/div>\n\t\t\t\t<div class=\"elementor-element elementor-element-d43209f elementor-align-center elementor-widget elementor-widget-breadcrumbs\" data-id=\"d43209f\" data-element_type=\"widget\" data-e-type=\"widget\" data-widget_type=\"breadcrumbs.default\">\n\t\t\t\t<div class=\"elementor-widget-container\">\n\t\t\t\t\t<nav><span class=\"last\">Inicio<\/span><\/nav>\t\t\t\t<\/div>\n\t\t\t\t<\/div>\n\t\t\t\t\t<\/div>\n\t\t\t\t<\/div>\n\t\t<div class=\"elementor-element elementor-element-6442494 e-flex e-con-boxed e-con e-parent\" data-id=\"6442494\" data-element_type=\"container\" data-e-type=\"container\">\n\t\t\t\t\t<div class=\"e-con-inner\">\n\t\t\t\t<div class=\"elementor-element elementor-element-91aa2e4 elementor-widget elementor-widget-text-editor\" data-id=\"91aa2e4\" data-element_type=\"widget\" data-e-type=\"widget\" data-widget_type=\"text-editor.default\">\n\t\t\t\t<div class=\"elementor-widget-container\">\n\t\t\t\t\t\t\t\t\t<h2>La privacidad importa.<\/h2><p>Sabemos que la privacidad de los datos es un tema de m\u00e1xima actualidad, y queremos que disfrutes de tu interacci\u00f3n con nosotros sabiendo que valoramos tus Datos Personales y que los protegemos.<\/p><p>Aqu\u00ed encontrar\u00e1s un resumen de c\u00f3mo procesamos tus Datos Personales, los fines para los que los procesamos y c\u00f3mo te beneficias. Tambi\u00e9n ver\u00e1s cu\u00e1les son tus derechos y c\u00f3mo puedes ponerte en contacto con nosotros.<\/p><h2>Actualizaciones de este Aviso de Privacidad<\/h2><p>A medida que evolucionan los negocios y la tecnolog\u00eda, es posible que tengamos que cambiar este Aviso de Privacidad. Te animamos a que revises regularmente este Aviso de Privacidad para asegurarte de que est\u00e1s al d\u00eda de c\u00f3mo Lidercare utiliza tus Datos Personales.<\/p><h2>\u00bfTienes menos de 13 a\u00f1os?<\/h2><p>Si eres menor de 13 a\u00f1os, te rogamos que esperes a ser un poco mayor para interactuar con nosotros o que le pidas a uno de tus padres o a tu tutor que <a class=\"link-whisper\" title=\"P\u00f3ngase en contacto con\" href=\"https:\/\/www.xiangxiangdaily.com\/es\/pongase-en-contacto-con\/\" target=\"_blank\" rel=\"noopener\" data-wpil-monitor-id=\"534\">se ponga en contacto con<\/a> nosotros. No podemos recoger y utilizar tus Datos Personales sin su consentimiento.<\/p><h2>\u00bfPor qu\u00e9 tratamos tus Datos Personales?<\/h2><p>Tratamos tus Datos Personales, incluidos los datos personales sensibles que nos hayas facilitado con tu consentimiento, para comunicarnos contigo, cumplir tus pedidos de compra, responder a tus consultas y proporcionarte comunicaciones sobre Lidercare y nuestros productos. Tambi\u00e9n procesamos tus Datos Personales para ayudarnos a cumplir la ley, para vender o transferir cualquier parte relevante de nuestro negocio, para gestionar nuestros sistemas y finanzas, para llevar a cabo investigaciones y para ejercer derechos legales. Combinamos tus Datos Personales de todas las fuentes para poder comprenderte mejor y as\u00ed mejorar y personalizar tu experiencia al interactuar con nosotros.<\/p><h2>\u00bfQui\u00e9n puede acceder a tus Datos Personales y por qu\u00e9?<\/h2><p>Limitamos la revelaci\u00f3n de tus Datos Personales a terceros, sin embargo, necesitamos revelar tus Datos Personales en determinados casos y principalmente a los siguientes destinatarios:<\/p><p>Empresas del Grupo Lidercare, cuando sea necesario para nuestros intereses leg\u00edtimos o con tu consentimiento;<\/p><p>Terceros contratados por nosotros para prestar servicios como la administraci\u00f3n de los sitios web, aplicaciones y servicios de Lidercare (por ejemplo, funciones, programas y promociones) disponibles para ti, sujetos a las protecciones adecuadas;<\/p><p>Agencias de informaci\u00f3n crediticia\/cobradores de deudas, cuando lo permita la ley y si necesitamos verificar tu solvencia (por ejemplo, si eliges hacer un pedido con factura) o cobrar facturas pendientes; y Agencias y autoridades p\u00fablicas pertinentes, si as\u00ed lo exige la ley o un inter\u00e9s comercial leg\u00edtimo.<\/p><h2>Seguridad y conservaci\u00f3n de datos<\/h2><p>Utilizamos diversas medidas para mantener tus Datos Personales confidenciales y seguros, como restringir el acceso a tus Datos Personales en funci\u00f3n de la necesidad de conocerlos y seguir las normas de seguridad adecuadas para proteger tus datos.<\/p><p>Tomamos todas las medidas razonables para garantizar que tus Datos Personales s\u00f3lo se procesen durante el periodo m\u00ednimo necesario en relaci\u00f3n con: (i) los fines establecidos en el presente Aviso de Privacidad; (ii) cualquier finalidad adicional que se te notifique en el momento de la recogida de los Datos Personales pertinentes o antes de ella, o del inicio del tratamiento correspondiente; o (iii) seg\u00fan lo exija o permita la legislaci\u00f3n aplicable; y despu\u00e9s, durante la duraci\u00f3n de cualquier plazo de prescripci\u00f3n aplicable. En resumen, una vez que tus Datos Personales ya no sean necesarios, los destruiremos o eliminaremos de forma segura.<\/p><h2>Contacta con nosotros<\/h2><p>Lidercare act\u00faa como \"responsable del tratamiento\" de tus Datos Personales que se procesan en virtud de, o en relaci\u00f3n con, este Aviso de Privacidad. Si tienes alguna pregunta o comentario sobre este Aviso de privacidad o sobre las pr\u00e1cticas de recopilaci\u00f3n y tratamiento de datos personales de Lidercare, ponte en contacto con nosotros, o env\u00eda un correo electr\u00f3nico a Lidercare@hotmail.com o una carta a<br> Oficina 221, Edificio B, 22 Jianpeng Road, Helong Street, Guangzhou, Guangdong, China<\/p>\t\t\t\t\t\t\t\t<\/div>\n\t\t\t\t<\/div>\n\t\t\t\t\t<\/div>\n\t\t\t\t<\/div>\n\t\t\t\t<\/div>\n\t\t","protected":false},"excerpt":{"rendered":"<p>Pol\u00edtica de privacidad Home La privacidad importa. Sabemos que la privacidad de los datos es un tema de m\u00e1xima actualidad, y queremos que disfrutes de tu interacci\u00f3n con nosotros sabiendo que valoramos tus Datos Personales y que los protegemos. Aqu\u00ed encontrar\u00e1s un resumen de c\u00f3mo procesamos tus Datos Personales, los fines para los que los [&hellip;]<\/p>\n","protected":false},"author":1,"featured_media":0,"parent":0,"menu_order":0,"comment_status":"closed","ping_status":"closed","template":"","meta":{"_acf_changed":false,"footnotes":""},"class_list":["post-62903","page","type-page","status-publish","hentry"],"acf":[],"_links":{"self":[{"href":"https:\/\/www.xiangxiangdaily.com\/es\/wp-json\/wp\/v2\/pages\/62903","targetHints":{"allow":["GET"]}}],"collection":[{"href":"https:\/\/www.xiangxiangdaily.com\/es\/wp-json\/wp\/v2\/pages"}],"about":[{"href":"https:\/\/www.xiangxiangdaily.com\/es\/wp-json\/wp\/v2\/types\/page"}],"author":[{"embeddable":true,"href":"https:\/\/www.xiangxiangdaily.com\/es\/wp-json\/wp\/v2\/users\/1"}],"replies":[{"embeddable":true,"href":"https:\/\/www.xiangxiangdaily.com\/es\/wp-json\/wp\/v2\/comments?post=62903"}],"version-history":[{"count":0,"href":"https:\/\/www.xiangxiangdaily.com\/es\/wp-json\/wp\/v2\/pages\/62903\/revisions"}],"wp:attachment":[{"href":"https:\/\/www.xiangxiangdaily.com\/es\/wp-json\/wp\/v2\/media?parent=62903"}],"curies":[{"name":"wp","href":"https:\/\/api.w.org\/{rel}","templated":true}]}}