{"id":19883,"date":"2023-01-12T09:51:13","date_gmt":"2023-01-12T01:51:13","guid":{"rendered":"https:\/\/www.xiangxiangdaily.com\/qualite\/"},"modified":"2026-03-17T14:30:56","modified_gmt":"2026-03-17T06:30:56","slug":"qualite","status":"publish","type":"page","link":"https:\/\/www.xiangxiangdaily.com\/fr\/qualite\/","title":{"rendered":"Qualit\u00e9"},"content":{"rendered":"\t\t<div data-elementor-type=\"wp-page\" data-elementor-id=\"19883\" class=\"elementor elementor-19883 elementor-3370\" data-elementor-post-type=\"page\">\n\t\t\t\t<div class=\"elementor-element elementor-element-1058d60 e-flex e-con-boxed e-con e-parent\" data-id=\"1058d60\" data-element_type=\"container\" data-e-type=\"container\" data-settings=\"{&quot;background_background&quot;:&quot;classic&quot;}\">\n\t\t\t\t\t<div class=\"e-con-inner\">\n\t\t\t\t<div class=\"elementor-element elementor-element-4976530b elementor-widget elementor-widget-heading\" data-id=\"4976530b\" data-element_type=\"widget\" data-e-type=\"widget\" data-widget_type=\"heading.default\">\n\t\t\t\t<div class=\"elementor-widget-container\">\n\t\t\t\t\t<h1 class=\"elementor-heading-title elementor-size-default\">Contr\u00f4le de la qualit\u00e9<\/h1>\t\t\t\t<\/div>\n\t\t\t\t<\/div>\n\t\t\t\t<div class=\"elementor-element elementor-element-50c1500b elementor-widget elementor-widget-heading\" data-id=\"50c1500b\" data-element_type=\"widget\" data-e-type=\"widget\" data-widget_type=\"heading.default\">\n\t\t\t\t<div class=\"elementor-widget-container\">\n\t\t\t\t\t<p class=\"elementor-heading-title elementor-size-default\">Prendre une longueur d'avance sur ses concurrents en mettant en \u0153uvre des pratiques de gestion de la qualit\u00e9.<\/p>\t\t\t\t<\/div>\n\t\t\t\t<\/div>\n\t\t\t\t<div class=\"elementor-element elementor-element-67403f7 elementor-widget elementor-widget-breadcrumbs\" data-id=\"67403f7\" data-element_type=\"widget\" data-e-type=\"widget\" data-widget_type=\"breadcrumbs.default\">\n\t\t\t\t<div class=\"elementor-widget-container\">\n\t\t\t\t\t<nav><span class=\"last\">Accueil<\/span><\/nav>\t\t\t\t<\/div>\n\t\t\t\t<\/div>\n\t\t\t\t\t<\/div>\n\t\t\t\t<\/div>\n\t\t<div class=\"elementor-element elementor-element-f935f2e e-flex e-con-boxed e-con e-parent\" data-id=\"f935f2e\" data-element_type=\"container\" data-e-type=\"container\">\n\t\t\t\t\t<div class=\"e-con-inner\">\n\t\t<div class=\"elementor-element elementor-element-4f7ac06 e-con-full e-flex e-con e-child\" data-id=\"4f7ac06\" data-element_type=\"container\" data-e-type=\"container\">\n\t\t\t\t<div class=\"elementor-element elementor-element-690f7dc elementor-widget elementor-widget-heading\" data-id=\"690f7dc\" data-element_type=\"widget\" data-e-type=\"widget\" data-widget_type=\"heading.default\">\n\t\t\t\t<div class=\"elementor-widget-container\">\n\t\t\t\t\t<h2 class=\"elementor-heading-title elementor-size-default\">Les d\u00e9tails de la beaut\u00e9 sont ce qui la fait vraiment ressortir<\/h2>\t\t\t\t<\/div>\n\t\t\t\t<\/div>\n\t\t\t\t<div class=\"elementor-element elementor-element-3592340 elementor-widget-divider--view-line elementor-widget elementor-widget-divider\" data-id=\"3592340\" data-element_type=\"widget\" data-e-type=\"widget\" data-widget_type=\"divider.default\">\n\t\t\t\t<div class=\"elementor-widget-container\">\n\t\t\t\t\t\t\t<div class=\"elementor-divider\">\n\t\t\t<span class=\"elementor-divider-separator\">\n\t\t\t\t\t\t<\/span>\n\t\t<\/div>\n\t\t\t\t\t\t<\/div>\n\t\t\t\t<\/div>\n\t\t\t\t<\/div>\n\t\t<div class=\"elementor-element elementor-element-7c58979 e-con-full e-flex e-con e-child\" data-id=\"7c58979\" data-element_type=\"container\" data-e-type=\"container\">\n\t\t\t\t<div class=\"elementor-element elementor-element-c5202c8 elementor-widget elementor-widget-text-editor\" data-id=\"c5202c8\" data-element_type=\"widget\" data-e-type=\"widget\" data-widget_type=\"text-editor.default\">\n\t\t\t\t<div class=\"elementor-widget-container\">\n\t\t\t\t\t\t\t\t\t<p>Chez Xiangxiang, nous sommes fiers de notre expertise dans les domaines suivants <span style=\"text-decoration: underline; color: #cc99ff;\"><strong><a style=\"color: #cc99ff; text-decoration: underline;\" href=\"https:\/\/www.xiangxiangdaily.com\/manufacturing\/\">fabrication<\/a><\/strong><\/span>C&rsquo;est pourquoi nous disposons d&rsquo;un d\u00e9partement sp\u00e9cialis\u00e9 dans le contr\u00f4le de la qualit\u00e9 afin de garantir la qualit\u00e9 sup\u00e9rieure de nos produits. Notre \u00e9quipe de contr\u00f4le de la qualit\u00e9 et notre service de fabrication travaillent en \u00e9troite collaboration \u00e0 chaque phase du processus de production, depuis la collecte et le m\u00e9lange des ingr\u00e9dients jusqu&rsquo;au remplissage et \u00e0 l&#8217;emballage, en passant par les tests de pH. Ensemble, ils veillent \u00e0 ce que notre produit final r\u00e9ponde \u00e0 nos normes de qualit\u00e9 \u00e9lev\u00e9es.<\/p>\t\t\t\t\t\t\t\t<\/div>\n\t\t\t\t<\/div>\n\t\t\t\t<\/div>\n\t\t\t\t\t<\/div>\n\t\t\t\t<\/div>\n\t\t<div class=\"elementor-element elementor-element-f5c2d6d e-flex e-con-boxed e-con e-parent\" data-id=\"f5c2d6d\" data-element_type=\"container\" data-e-type=\"container\">\n\t\t\t\t\t<div class=\"e-con-inner\">\n\t\t<div class=\"elementor-element elementor-element-127ccb0 e-flex e-con-boxed e-con e-child\" data-id=\"127ccb0\" data-element_type=\"container\" data-e-type=\"container\">\n\t\t\t\t\t<div class=\"e-con-inner\">\n\t\t<div class=\"elementor-element elementor-element-cfe27f7 e-flex e-con-boxed e-con e-child\" data-id=\"cfe27f7\" data-element_type=\"container\" data-e-type=\"container\">\n\t\t\t\t\t<div class=\"e-con-inner\">\n\t\t\t\t<div class=\"elementor-element elementor-element-95ea013 elementor-widget elementor-widget-heading\" data-id=\"95ea013\" data-element_type=\"widget\" data-e-type=\"widget\" data-widget_type=\"heading.default\">\n\t\t\t\t<div class=\"elementor-widget-container\">\n\t\t\t\t\t<h2 class=\"elementor-heading-title elementor-size-default\">Niveau de pH<\/h2>\t\t\t\t<\/div>\n\t\t\t\t<\/div>\n\t\t\t\t<div class=\"elementor-element elementor-element-1de0218 elementor-widget elementor-widget-heading\" data-id=\"1de0218\" data-element_type=\"widget\" data-e-type=\"widget\" data-widget_type=\"heading.default\">\n\t\t\t\t<div class=\"elementor-widget-container\">\n\t\t\t\t\t<p class=\"elementor-heading-title elementor-size-default\">Le niveau de pH du produit est un facteur essentiel pour garantir sa s\u00e9curit\u00e9 et son efficacit\u00e9. Le niveau de pH peut affecter la capacit\u00e9 du produit \u00e0 p\u00e9n\u00e9trer dans la peau ou les cheveux et peut \u00e9galement provoquer des irritations ou des dommages. Par cons\u00e9quent, le niveau de pH est test\u00e9 pour s'assurer qu'il se situe dans la fourchette recommand\u00e9e pour ce produit sp\u00e9cifique.<\/p>\t\t\t\t<\/div>\n\t\t\t\t<\/div>\n\t\t\t\t\t<\/div>\n\t\t\t\t<\/div>\n\t\t<div class=\"elementor-element elementor-element-49db518 e-flex e-con-boxed e-con e-child\" data-id=\"49db518\" data-element_type=\"container\" data-e-type=\"container\">\n\t\t\t\t\t<div class=\"e-con-inner\">\n\t\t\t\t<div class=\"elementor-element elementor-element-c0fe689 elementor-widget elementor-widget-image\" data-id=\"c0fe689\" data-element_type=\"widget\" data-e-type=\"widget\" data-widget_type=\"image.default\">\n\t\t\t\t<div class=\"elementor-widget-container\">\n\t\t\t\t\t\t\t\t\t\t\t\t\t\t\t<img fetchpriority=\"high\" decoding=\"async\" width=\"800\" height=\"533\" src=\"https:\/\/www.xiangxiangdaily.com\/wp-content\/uploads\/2023\/12\/pH-level.webp\" class=\"attachment-large size-large wp-image-11473\" alt=\"pH level\" srcset=\"https:\/\/www.xiangxiangdaily.com\/wp-content\/uploads\/2023\/12\/pH-level.webp 800w, https:\/\/www.xiangxiangdaily.com\/wp-content\/uploads\/2023\/12\/pH-level-600x400.webp 600w, https:\/\/www.xiangxiangdaily.com\/wp-content\/uploads\/2023\/12\/pH-level-300x200.webp 300w, https:\/\/www.xiangxiangdaily.com\/wp-content\/uploads\/2023\/12\/pH-level-768x512.webp 768w\" sizes=\"(max-width: 800px) 100vw, 800px\" \/>\t\t\t\t\t\t\t\t\t\t\t\t\t\t\t<\/div>\n\t\t\t\t<\/div>\n\t\t\t\t\t<\/div>\n\t\t\t\t<\/div>\n\t\t\t\t\t<\/div>\n\t\t\t\t<\/div>\n\t\t<div class=\"elementor-element elementor-element-e8077db e-flex e-con-boxed e-con e-child\" data-id=\"e8077db\" data-element_type=\"container\" data-e-type=\"container\">\n\t\t\t\t\t<div class=\"e-con-inner\">\n\t\t<div class=\"elementor-element elementor-element-94df213 e-flex e-con-boxed e-con e-child\" data-id=\"94df213\" data-element_type=\"container\" data-e-type=\"container\">\n\t\t\t\t\t<div class=\"e-con-inner\">\n\t\t\t\t<div class=\"elementor-element elementor-element-6cab142 elementor-widget elementor-widget-heading\" data-id=\"6cab142\" data-element_type=\"widget\" data-e-type=\"widget\" data-widget_type=\"heading.default\">\n\t\t\t\t<div class=\"elementor-widget-container\">\n\t\t\t\t\t<h2 class=\"elementor-heading-title elementor-size-default\">Viscosit\u00e9<\/h2>\t\t\t\t<\/div>\n\t\t\t\t<\/div>\n\t\t\t\t<div class=\"elementor-element elementor-element-3266099 elementor-widget elementor-widget-heading\" data-id=\"3266099\" data-element_type=\"widget\" data-e-type=\"widget\" data-widget_type=\"heading.default\">\n\t\t\t\t<div class=\"elementor-widget-container\">\n\t\t\t\t\t<p class=\"elementor-heading-title elementor-size-default\">L'\u00e9paisseur ou la viscosit\u00e9 du produit est un aspect essentiel de sa qualit\u00e9 globale. La viscosit\u00e9 est mesur\u00e9e pour s'assurer qu'elle est constante et qu'elle correspond \u00e0 la texture souhait\u00e9e. La texture du produit est essentielle pour garantir qu'il est facile \u00e0 appliquer, \u00e0 distribuer et \u00e0 utiliser.<\/p>\t\t\t\t<\/div>\n\t\t\t\t<\/div>\n\t\t\t\t\t<\/div>\n\t\t\t\t<\/div>\n\t\t<div class=\"elementor-element elementor-element-5238b21 e-flex e-con-boxed e-con e-child\" data-id=\"5238b21\" data-element_type=\"container\" data-e-type=\"container\">\n\t\t\t\t\t<div class=\"e-con-inner\">\n\t\t\t\t<div class=\"elementor-element elementor-element-6c01301 elementor-widget elementor-widget-image\" data-id=\"6c01301\" data-element_type=\"widget\" data-e-type=\"widget\" data-widget_type=\"image.default\">\n\t\t\t\t<div class=\"elementor-widget-container\">\n\t\t\t\t\t\t\t\t\t\t\t\t\t\t\t<img decoding=\"async\" width=\"800\" height=\"533\" src=\"https:\/\/www.xiangxiangdaily.com\/wp-content\/uploads\/2023\/12\/Viscosity.webp\" class=\"attachment-large size-large wp-image-11481\" alt=\"Viscosity\" srcset=\"https:\/\/www.xiangxiangdaily.com\/wp-content\/uploads\/2023\/12\/Viscosity.webp 800w, https:\/\/www.xiangxiangdaily.com\/wp-content\/uploads\/2023\/12\/Viscosity-600x400.webp 600w, https:\/\/www.xiangxiangdaily.com\/wp-content\/uploads\/2023\/12\/Viscosity-300x200.webp 300w, https:\/\/www.xiangxiangdaily.com\/wp-content\/uploads\/2023\/12\/Viscosity-768x512.webp 768w\" sizes=\"(max-width: 800px) 100vw, 800px\" \/>\t\t\t\t\t\t\t\t\t\t\t\t\t\t\t<\/div>\n\t\t\t\t<\/div>\n\t\t\t\t\t<\/div>\n\t\t\t\t<\/div>\n\t\t\t\t\t<\/div>\n\t\t\t\t<\/div>\n\t\t<div class=\"elementor-element elementor-element-a894703 e-flex e-con-boxed e-con e-child\" data-id=\"a894703\" data-element_type=\"container\" data-e-type=\"container\">\n\t\t\t\t\t<div class=\"e-con-inner\">\n\t\t<div class=\"elementor-element elementor-element-eed4df8 e-flex e-con-boxed e-con e-child\" data-id=\"eed4df8\" data-element_type=\"container\" data-e-type=\"container\">\n\t\t\t\t\t<div class=\"e-con-inner\">\n\t\t\t\t<div class=\"elementor-element elementor-element-4b7eb72 elementor-widget elementor-widget-heading\" data-id=\"4b7eb72\" data-element_type=\"widget\" data-e-type=\"widget\" data-widget_type=\"heading.default\">\n\t\t\t\t<div class=\"elementor-widget-container\">\n\t\t\t\t\t<h2 class=\"elementor-heading-title elementor-size-default\">Stabilit\u00e9<\/h2>\t\t\t\t<\/div>\n\t\t\t\t<\/div>\n\t\t\t\t<div class=\"elementor-element elementor-element-c8a82cd elementor-widget elementor-widget-heading\" data-id=\"c8a82cd\" data-element_type=\"widget\" data-e-type=\"widget\" data-widget_type=\"heading.default\">\n\t\t\t\t<div class=\"elementor-widget-container\">\n\t\t\t\t\t<p class=\"elementor-heading-title elementor-size-default\">La stabilit\u00e9 du produit est un autre aspect crucial de sa qualit\u00e9. La stabilit\u00e9 du produit est v\u00e9rifi\u00e9e en le soumettant \u00e0 diverses conditions telles que des temp\u00e9ratures \u00e9lev\u00e9es et basses, l'humidit\u00e9 et l'exposition \u00e0 la lumi\u00e8re, afin de s'assurer qu'il conserve son int\u00e9grit\u00e9. Les tests de stabilit\u00e9 sont r\u00e9alis\u00e9s pour s'assurer que le produit conserve son efficacit\u00e9 et sa s\u00e9curit\u00e9 au fil du temps.<\/p>\t\t\t\t<\/div>\n\t\t\t\t<\/div>\n\t\t\t\t\t<\/div>\n\t\t\t\t<\/div>\n\t\t<div class=\"elementor-element elementor-element-aedd845 e-flex e-con-boxed e-con e-child\" data-id=\"aedd845\" data-element_type=\"container\" data-e-type=\"container\">\n\t\t\t\t\t<div class=\"e-con-inner\">\n\t\t\t\t<div class=\"elementor-element elementor-element-a03b478 elementor-widget elementor-widget-image\" data-id=\"a03b478\" data-element_type=\"widget\" data-e-type=\"widget\" data-widget_type=\"image.default\">\n\t\t\t\t<div class=\"elementor-widget-container\">\n\t\t\t\t\t\t\t\t\t\t\t\t\t\t\t<img decoding=\"async\" width=\"800\" height=\"533\" src=\"https:\/\/www.xiangxiangdaily.com\/wp-content\/uploads\/2023\/12\/Stability.webp\" class=\"attachment-large size-large wp-image-11477\" alt=\"Stability\" srcset=\"https:\/\/www.xiangxiangdaily.com\/wp-content\/uploads\/2023\/12\/Stability.webp 800w, https:\/\/www.xiangxiangdaily.com\/wp-content\/uploads\/2023\/12\/Stability-600x400.webp 600w, https:\/\/www.xiangxiangdaily.com\/wp-content\/uploads\/2023\/12\/Stability-300x200.webp 300w, https:\/\/www.xiangxiangdaily.com\/wp-content\/uploads\/2023\/12\/Stability-768x512.webp 768w\" sizes=\"(max-width: 800px) 100vw, 800px\" \/>\t\t\t\t\t\t\t\t\t\t\t\t\t\t\t<\/div>\n\t\t\t\t<\/div>\n\t\t\t\t\t<\/div>\n\t\t\t\t<\/div>\n\t\t\t\t\t<\/div>\n\t\t\t\t<\/div>\n\t\t<div class=\"elementor-element elementor-element-ef45a5e e-flex e-con-boxed e-con e-child\" data-id=\"ef45a5e\" data-element_type=\"container\" data-e-type=\"container\">\n\t\t\t\t\t<div class=\"e-con-inner\">\n\t\t<div class=\"elementor-element elementor-element-669a086 e-flex e-con-boxed e-con e-child\" data-id=\"669a086\" data-element_type=\"container\" data-e-type=\"container\">\n\t\t\t\t\t<div class=\"e-con-inner\">\n\t\t\t\t<div class=\"elementor-element elementor-element-f6259ef elementor-widget elementor-widget-heading\" data-id=\"f6259ef\" data-element_type=\"widget\" data-e-type=\"widget\" data-widget_type=\"heading.default\">\n\t\t\t\t<div class=\"elementor-widget-container\">\n\t\t\t\t\t<h2 class=\"elementor-heading-title elementor-size-default\">Contenu microbien<\/h2>\t\t\t\t<\/div>\n\t\t\t\t<\/div>\n\t\t\t\t<div class=\"elementor-element elementor-element-bb572e5 elementor-widget elementor-widget-heading\" data-id=\"bb572e5\" data-element_type=\"widget\" data-e-type=\"widget\" data-widget_type=\"heading.default\">\n\t\t\t\t<div class=\"elementor-widget-container\">\n\t\t\t\t\t<p class=\"elementor-heading-title elementor-size-default\">La pr\u00e9sence d'une contamination microbienne dans le produit peut constituer un risque pour la sant\u00e9 de l'utilisateur. C'est pourquoi le produit est test\u00e9 sur le plan microbien afin de s'assurer qu'il peut \u00eatre utilis\u00e9 en toute s\u00e9curit\u00e9 et qu'il ne provoque aucune r\u00e9action ind\u00e9sirable. Les tests microbiens sont g\u00e9n\u00e9ralement effectu\u00e9s \u00e0 diff\u00e9rents stades du processus de fabrication, notamment sur les mati\u00e8res premi\u00e8res, les \u00e9chantillons en cours de fabrication et le produit final.<\/p>\t\t\t\t<\/div>\n\t\t\t\t<\/div>\n\t\t\t\t\t<\/div>\n\t\t\t\t<\/div>\n\t\t<div class=\"elementor-element elementor-element-d2b9bb3 e-flex e-con-boxed e-con e-child\" data-id=\"d2b9bb3\" data-element_type=\"container\" data-e-type=\"container\">\n\t\t\t\t\t<div class=\"e-con-inner\">\n\t\t\t\t<div class=\"elementor-element elementor-element-a89f218 elementor-widget elementor-widget-image\" data-id=\"a89f218\" data-element_type=\"widget\" data-e-type=\"widget\" data-widget_type=\"image.default\">\n\t\t\t\t<div class=\"elementor-widget-container\">\n\t\t\t\t\t\t\t\t\t\t\t\t\t\t\t<img loading=\"lazy\" decoding=\"async\" width=\"800\" height=\"533\" src=\"https:\/\/www.xiangxiangdaily.com\/wp-content\/uploads\/2023\/12\/Microbial-content.webp\" class=\"attachment-large size-large wp-image-11469\" alt=\"Microbial content\" srcset=\"https:\/\/www.xiangxiangdaily.com\/wp-content\/uploads\/2023\/12\/Microbial-content.webp 800w, https:\/\/www.xiangxiangdaily.com\/wp-content\/uploads\/2023\/12\/Microbial-content-600x400.webp 600w, https:\/\/www.xiangxiangdaily.com\/wp-content\/uploads\/2023\/12\/Microbial-content-300x200.webp 300w, https:\/\/www.xiangxiangdaily.com\/wp-content\/uploads\/2023\/12\/Microbial-content-768x512.webp 768w\" sizes=\"(max-width: 800px) 100vw, 800px\" \/>\t\t\t\t\t\t\t\t\t\t\t\t\t\t\t<\/div>\n\t\t\t\t<\/div>\n\t\t\t\t\t<\/div>\n\t\t\t\t<\/div>\n\t\t\t\t\t<\/div>\n\t\t\t\t<\/div>\n\t\t<div class=\"elementor-element elementor-element-dc517d8 e-flex e-con-boxed e-con e-child\" data-id=\"dc517d8\" data-element_type=\"container\" data-e-type=\"container\">\n\t\t\t\t\t<div class=\"e-con-inner\">\n\t\t<div class=\"elementor-element elementor-element-935ecff e-flex e-con-boxed e-con e-child\" data-id=\"935ecff\" data-element_type=\"container\" data-e-type=\"container\">\n\t\t\t\t\t<div class=\"e-con-inner\">\n\t\t\t\t<div class=\"elementor-element elementor-element-cd8b6d0 elementor-widget elementor-widget-heading\" data-id=\"cd8b6d0\" data-element_type=\"widget\" data-e-type=\"widget\" data-widget_type=\"heading.default\">\n\t\t\t\t<div class=\"elementor-widget-container\">\n\t\t\t\t\t<h2 class=\"elementor-heading-title elementor-size-default\">Apparence<\/h2>\t\t\t\t<\/div>\n\t\t\t\t<\/div>\n\t\t\t\t<div class=\"elementor-element elementor-element-9f76bb8 elementor-widget elementor-widget-heading\" data-id=\"9f76bb8\" data-element_type=\"widget\" data-e-type=\"widget\" data-widget_type=\"heading.default\">\n\t\t\t\t<div class=\"elementor-widget-container\">\n\t\t\t\t\t<p class=\"elementor-heading-title elementor-size-default\">L'aspect g\u00e9n\u00e9ral du produit est inspect\u00e9 pour s'assurer qu'il est visuellement attrayant et qu'il r\u00e9pond aux normes de qualit\u00e9 souhait\u00e9es. La couleur, la clart\u00e9 et l'uniformit\u00e9 du produit sont examin\u00e9es pour s'assurer qu'elles r\u00e9pondent aux exigences sp\u00e9cifi\u00e9es.<\/p>\t\t\t\t<\/div>\n\t\t\t\t<\/div>\n\t\t\t\t\t<\/div>\n\t\t\t\t<\/div>\n\t\t<div class=\"elementor-element elementor-element-946cd18 e-flex e-con-boxed e-con e-child\" data-id=\"946cd18\" data-element_type=\"container\" data-e-type=\"container\">\n\t\t\t\t\t<div class=\"e-con-inner\">\n\t\t\t\t<div class=\"elementor-element elementor-element-34b2847 elementor-widget elementor-widget-image\" data-id=\"34b2847\" data-element_type=\"widget\" data-e-type=\"widget\" data-widget_type=\"image.default\">\n\t\t\t\t<div class=\"elementor-widget-container\">\n\t\t\t\t\t\t\t\t\t\t\t\t\t\t\t<img loading=\"lazy\" decoding=\"async\" width=\"800\" height=\"533\" src=\"https:\/\/www.xiangxiangdaily.com\/wp-content\/uploads\/2023\/12\/Appearance.webp\" class=\"attachment-large size-large wp-image-11465\" alt=\"Appearance\" srcset=\"https:\/\/www.xiangxiangdaily.com\/wp-content\/uploads\/2023\/12\/Appearance.webp 800w, https:\/\/www.xiangxiangdaily.com\/wp-content\/uploads\/2023\/12\/Appearance-600x400.webp 600w, https:\/\/www.xiangxiangdaily.com\/wp-content\/uploads\/2023\/12\/Appearance-300x200.webp 300w, https:\/\/www.xiangxiangdaily.com\/wp-content\/uploads\/2023\/12\/Appearance-768x512.webp 768w\" sizes=\"(max-width: 800px) 100vw, 800px\" \/>\t\t\t\t\t\t\t\t\t\t\t\t\t\t\t<\/div>\n\t\t\t\t<\/div>\n\t\t\t\t\t<\/div>\n\t\t\t\t<\/div>\n\t\t\t\t\t<\/div>\n\t\t\t\t<\/div>\n\t\t\t\t<div class=\"elementor-element elementor-element-909e26c elementor-widget elementor-widget-heading\" data-id=\"909e26c\" data-element_type=\"widget\" data-e-type=\"widget\" data-widget_type=\"heading.default\">\n\t\t\t\t<div class=\"elementor-widget-container\">\n\t\t\t\t\t<p class=\"elementor-heading-title elementor-size-default\">Outre les tests susmentionn\u00e9s, d'autres tests sp\u00e9cifiques peuvent \u00eatre effectu\u00e9s en fonction des ingr\u00e9dients du produit et de l'usage auquel il est destin\u00e9. Globalement, le processus de contr\u00f4le de la qualit\u00e9 dans une usine de cosm\u00e9tiques est un processus m\u00e9ticuleux et complet qui garantit que le produit final r\u00e9pond \u00e0 toutes les normes de qualit\u00e9 souhait\u00e9es.<\/p>\t\t\t\t<\/div>\n\t\t\t\t<\/div>\n\t\t\t\t\t<\/div>\n\t\t\t\t<\/div>\n\t\t<div class=\"elementor-element elementor-element-ebbe682 e-flex e-con-boxed e-con e-parent\" data-id=\"ebbe682\" data-element_type=\"container\" data-e-type=\"container\">\n\t\t\t\t\t<div class=\"e-con-inner\">\n\t\t\t\t<div class=\"elementor-element elementor-element-c42b4e6 elementor-widget elementor-widget-heading\" data-id=\"c42b4e6\" data-element_type=\"widget\" data-e-type=\"widget\" data-widget_type=\"heading.default\">\n\t\t\t\t<div class=\"elementor-widget-container\">\n\t\t\t\t\t<h2 class=\"elementor-heading-title elementor-size-default\">La collaboration entre les \u00e9quipes est la cl\u00e9 d'une protection de qualit\u00e9<\/h2>\t\t\t\t<\/div>\n\t\t\t\t<\/div>\n\t\t\t\t<div class=\"elementor-element elementor-element-fc5e5c6 elementor-widget elementor-widget-heading\" data-id=\"fc5e5c6\" data-element_type=\"widget\" data-e-type=\"widget\" data-widget_type=\"heading.default\">\n\t\t\t\t<div class=\"elementor-widget-container\">\n\t\t\t\t\t<p class=\"elementor-heading-title elementor-size-default\">La production de cosm\u00e9tiques de qualit\u00e9 est un effort de collaboration qui n\u00e9cessite le soutien conjoint des op\u00e9rateurs de ligne, des \u00e9quipes de nettoyage et de changement de format, et de la direction de la fabrication et du conditionnement. Nos technologies d'inspection fournissent des donn\u00e9es pr\u00e9cises et sont compl\u00e9t\u00e9es par les sens aiguis\u00e9s de nos inspecteurs, ce qui nous permet de r\u00e9pondre \u00e0 vos sp\u00e9cifications avec la plus grande fid\u00e9lit\u00e9.<\/p>\t\t\t\t<\/div>\n\t\t\t\t<\/div>\n\t\t<div class=\"elementor-element elementor-element-283a02e e-flex e-con-boxed e-con e-child\" data-id=\"283a02e\" data-element_type=\"container\" data-e-type=\"container\">\n\t\t\t\t\t<div class=\"e-con-inner\">\n\t\t\t\t<div class=\"elementor-element elementor-element-456a05f elementor-widget elementor-widget-image\" data-id=\"456a05f\" data-element_type=\"widget\" data-e-type=\"widget\" data-widget_type=\"image.default\">\n\t\t\t\t<div class=\"elementor-widget-container\">\n\t\t\t\t\t\t\t\t\t\t\t\t\t\t\t<img loading=\"lazy\" decoding=\"async\" width=\"580\" height=\"450\" src=\"https:\/\/www.xiangxiangdaily.com\/wp-content\/uploads\/2023\/12\/Production-Workshop\uff081\uff09.webp\" class=\"attachment-large size-large wp-image-11489\" alt=\"Production Workshop\uff082\uff09\" srcset=\"https:\/\/www.xiangxiangdaily.com\/wp-content\/uploads\/2023\/12\/Production-Workshop\uff081\uff09.webp 580w, https:\/\/www.xiangxiangdaily.com\/wp-content\/uploads\/2023\/12\/Production-Workshop\uff081\uff09-300x233.webp 300w\" sizes=\"(max-width: 580px) 100vw, 580px\" \/>\t\t\t\t\t\t\t\t\t\t\t\t\t\t\t<\/div>\n\t\t\t\t<\/div>\n\t\t\t\t<div class=\"elementor-element elementor-element-b6c61aa elementor-widget elementor-widget-image\" data-id=\"b6c61aa\" data-element_type=\"widget\" data-e-type=\"widget\" data-widget_type=\"image.default\">\n\t\t\t\t<div class=\"elementor-widget-container\">\n\t\t\t\t\t\t\t\t\t\t\t\t\t\t\t<img loading=\"lazy\" decoding=\"async\" width=\"580\" height=\"450\" src=\"https:\/\/www.xiangxiangdaily.com\/wp-content\/uploads\/2023\/12\/shipping-service-1.webp\" class=\"attachment-large size-large wp-image-11493\" alt=\"shipping service\uff082\uff09\" srcset=\"https:\/\/www.xiangxiangdaily.com\/wp-content\/uploads\/2023\/12\/shipping-service-1.webp 580w, https:\/\/www.xiangxiangdaily.com\/wp-content\/uploads\/2023\/12\/shipping-service-1-300x233.webp 300w\" sizes=\"(max-width: 580px) 100vw, 580px\" \/>\t\t\t\t\t\t\t\t\t\t\t\t\t\t\t<\/div>\n\t\t\t\t<\/div>\n\t\t\t\t<div class=\"elementor-element elementor-element-ab35251 elementor-widget elementor-widget-image\" data-id=\"ab35251\" data-element_type=\"widget\" data-e-type=\"widget\" data-widget_type=\"image.default\">\n\t\t\t\t<div class=\"elementor-widget-container\">\n\t\t\t\t\t\t\t\t\t\t\t\t\t\t\t<img loading=\"lazy\" decoding=\"async\" width=\"580\" height=\"450\" src=\"https:\/\/www.xiangxiangdaily.com\/wp-content\/uploads\/2023\/12\/Inventory-Management-1.webp\" class=\"attachment-large size-large wp-image-11485\" alt=\"Inventory Management\uff082\uff09\" srcset=\"https:\/\/www.xiangxiangdaily.com\/wp-content\/uploads\/2023\/12\/Inventory-Management-1.webp 580w, https:\/\/www.xiangxiangdaily.com\/wp-content\/uploads\/2023\/12\/Inventory-Management-1-300x233.webp 300w\" sizes=\"(max-width: 580px) 100vw, 580px\" \/>\t\t\t\t\t\t\t\t\t\t\t\t\t\t\t<\/div>\n\t\t\t\t<\/div>\n\t\t\t\t\t<\/div>\n\t\t\t\t<\/div>\n\t\t\t\t\t<\/div>\n\t\t\t\t<\/div>\n\t\t\t\t<\/div>\n\t\t","protected":false},"excerpt":{"rendered":"<p>Contr\u00f4le de la qualit\u00e9 Prendre une longueur d&rsquo;avance sur ses concurrents en mettant en \u0153uvre des pratiques de gestion de la qualit\u00e9. Home Les d\u00e9tails de la beaut\u00e9 sont ce qui la fait vraiment ressortir Chez Xiangxiang, nous sommes fiers de notre expertise dans les domaines suivants fabricationC&rsquo;est pourquoi nous disposons d&rsquo;un d\u00e9partement sp\u00e9cialis\u00e9 dans [&hellip;]<\/p>\n","protected":false},"author":1,"featured_media":12013,"parent":0,"menu_order":0,"comment_status":"closed","ping_status":"closed","template":"","meta":{"_acf_changed":false,"footnotes":""},"class_list":["post-19883","page","type-page","status-publish","has-post-thumbnail","hentry"],"acf":[],"_links":{"self":[{"href":"https:\/\/www.xiangxiangdaily.com\/fr\/wp-json\/wp\/v2\/pages\/19883","targetHints":{"allow":["GET"]}}],"collection":[{"href":"https:\/\/www.xiangxiangdaily.com\/fr\/wp-json\/wp\/v2\/pages"}],"about":[{"href":"https:\/\/www.xiangxiangdaily.com\/fr\/wp-json\/wp\/v2\/types\/page"}],"author":[{"embeddable":true,"href":"https:\/\/www.xiangxiangdaily.com\/fr\/wp-json\/wp\/v2\/users\/1"}],"replies":[{"embeddable":true,"href":"https:\/\/www.xiangxiangdaily.com\/fr\/wp-json\/wp\/v2\/comments?post=19883"}],"version-history":[{"count":0,"href":"https:\/\/www.xiangxiangdaily.com\/fr\/wp-json\/wp\/v2\/pages\/19883\/revisions"}],"wp:featuredmedia":[{"embeddable":true,"href":"https:\/\/www.xiangxiangdaily.com\/fr\/wp-json\/wp\/v2\/media\/12013"}],"wp:attachment":[{"href":"https:\/\/www.xiangxiangdaily.com\/fr\/wp-json\/wp\/v2\/media?parent=19883"}],"curies":[{"name":"wp","href":"https:\/\/api.w.org\/{rel}","templated":true}]}}