{"id":19893,"date":"2023-01-12T09:49:15","date_gmt":"2023-01-12T01:49:15","guid":{"rendered":"https:\/\/www.xiangxiangdaily.com\/oemodm-services\/"},"modified":"2026-03-17T14:36:03","modified_gmt":"2026-03-17T06:36:03","slug":"oem-odm-services","status":"publish","type":"page","link":"https:\/\/www.xiangxiangdaily.com\/fr\/oem-odm-services\/","title":{"rendered":"Services OEM et ODM"},"content":{"rendered":"\t\t<div data-elementor-type=\"wp-page\" data-elementor-id=\"19893\" class=\"elementor elementor-19893 elementor-3358\" data-elementor-post-type=\"page\">\n\t\t\t\t<div class=\"elementor-element elementor-element-169657bf e-flex e-con-boxed e-con e-parent\" data-id=\"169657bf\" data-element_type=\"container\" data-e-type=\"container\" data-settings=\"{&quot;background_background&quot;:&quot;classic&quot;}\">\n\t\t\t\t\t<div class=\"e-con-inner\">\n\t\t\t\t<div class=\"elementor-element elementor-element-3fac2cb6 elementor-widget elementor-widget-heading\" data-id=\"3fac2cb6\" data-element_type=\"widget\" data-e-type=\"widget\" data-widget_type=\"heading.default\">\n\t\t\t\t<div class=\"elementor-widget-container\">\n\t\t\t\t\t<h1 class=\"elementor-heading-title elementor-size-default\">Services OEM et ODM<\/h1>\t\t\t\t<\/div>\n\t\t\t\t<\/div>\n\t\t\t\t<div class=\"elementor-element elementor-element-744d95a elementor-widget elementor-widget-heading\" data-id=\"744d95a\" data-element_type=\"widget\" data-e-type=\"widget\" data-widget_type=\"heading.default\">\n\t\t\t\t<div class=\"elementor-widget-container\">\n\t\t\t\t\t<p class=\"elementor-heading-title elementor-size-default\">Les services OEM et ODM de Xiangxiang Daily permettent aux entreprises de r\u00e9duire leurs d\u00e9penses, d'am\u00e9liorer leur productivit\u00e9 et de personnaliser leurs produits sans avoir \u00e0 investir dans des \u00e9quipements et des installations de fabrication co\u00fbteux. Cela permet aux entreprises de se concentrer sur leurs points forts et de canaliser leurs ressources vers d'autres domaines.<\/p>\t\t\t\t<\/div>\n\t\t\t\t<\/div>\n\t\t\t\t<div class=\"elementor-element elementor-element-9f2f99c elementor-widget elementor-widget-breadcrumbs\" data-id=\"9f2f99c\" data-element_type=\"widget\" data-e-type=\"widget\" data-widget_type=\"breadcrumbs.default\">\n\t\t\t\t<div class=\"elementor-widget-container\">\n\t\t\t\t\t<nav><span class=\"last\">Accueil<\/span><\/nav>\t\t\t\t<\/div>\n\t\t\t\t<\/div>\n\t\t\t\t\t<\/div>\n\t\t\t\t<\/div>\n\t\t<div class=\"elementor-element elementor-element-5406d36 e-flex e-con-boxed e-con e-parent\" data-id=\"5406d36\" data-element_type=\"container\" data-e-type=\"container\">\n\t\t\t\t\t<div class=\"e-con-inner\">\n\t\t\t\t<div class=\"elementor-element elementor-element-e3c7664 elementor-widget elementor-widget-image\" data-id=\"e3c7664\" data-element_type=\"widget\" data-e-type=\"widget\" data-widget_type=\"image.default\">\n\t\t\t\t<div class=\"elementor-widget-container\">\n\t\t\t\t\t\t\t\t\t\t\t\t\t\t\t<img fetchpriority=\"high\" decoding=\"async\" width=\"800\" height=\"310\" src=\"https:\/\/www.xiangxiangdaily.com\/wp-content\/uploads\/2023\/11\/production-line.webp\" class=\"attachment-large size-large wp-image-11285\" alt=\"production line\" srcset=\"https:\/\/www.xiangxiangdaily.com\/wp-content\/uploads\/2023\/11\/production-line.webp 1000w, https:\/\/www.xiangxiangdaily.com\/wp-content\/uploads\/2023\/11\/production-line-600x232.webp 600w, https:\/\/www.xiangxiangdaily.com\/wp-content\/uploads\/2023\/11\/production-line-300x116.webp 300w, https:\/\/www.xiangxiangdaily.com\/wp-content\/uploads\/2023\/11\/production-line-768x297.webp 768w\" sizes=\"(max-width: 800px) 100vw, 800px\" \/>\t\t\t\t\t\t\t\t\t\t\t\t\t\t\t<\/div>\n\t\t\t\t<\/div>\n\t\t\t\t<div class=\"elementor-element elementor-element-c2d0959 elementor-widget elementor-widget-heading\" data-id=\"c2d0959\" data-element_type=\"widget\" data-e-type=\"widget\" data-widget_type=\"heading.default\">\n\t\t\t\t<div class=\"elementor-widget-container\">\n\t\t\t\t\t<h2 class=\"elementor-heading-title elementor-size-default\">Comment se d\u00e9roule le processus de fabrication OEM et ODM ?<\/h2>\t\t\t\t<\/div>\n\t\t\t\t<\/div>\n\t\t\t\t<div class=\"elementor-element elementor-element-34336b4 elementor-widget elementor-widget-heading\" data-id=\"34336b4\" data-element_type=\"widget\" data-e-type=\"widget\" data-widget_type=\"heading.default\">\n\t\t\t\t<div class=\"elementor-widget-container\">\n\t\t\t\t\t<p class=\"elementor-heading-title elementor-size-default\">Tout au long du processus, le client et le fabricant maintiennent une communication claire et ouverte pour s'assurer que le projet progresse comme pr\u00e9vu et que toute pr\u00e9occupation ou tout probl\u00e8me est trait\u00e9 rapidement.<\/p>\t\t\t\t<\/div>\n\t\t\t\t<\/div>\n\t\t\t\t\t<\/div>\n\t\t\t\t<\/div>\n\t\t<div class=\"elementor-element elementor-element-dd6aa9d e-flex e-con-boxed e-con e-parent\" data-id=\"dd6aa9d\" data-element_type=\"container\" data-e-type=\"container\">\n\t\t\t\t\t<div class=\"e-con-inner\">\n\t\t<div class=\"elementor-element elementor-element-a7209c3 e-con-full e-flex e-con e-child\" data-id=\"a7209c3\" data-element_type=\"container\" data-e-type=\"container\">\n\t\t\t\t<div class=\"elementor-element elementor-element-eca1417 elementor-widget elementor-widget-heading\" data-id=\"eca1417\" data-element_type=\"widget\" data-e-type=\"widget\" data-widget_type=\"heading.default\">\n\t\t\t\t<div class=\"elementor-widget-container\">\n\t\t\t\t\t<h3 class=\"elementor-heading-title elementor-size-default\">Services OEM<\/h3>\t\t\t\t<\/div>\n\t\t\t\t<\/div>\n\t\t\t\t<div class=\"elementor-element elementor-element-83c6793 elementor-widget elementor-widget-image\" data-id=\"83c6793\" data-element_type=\"widget\" data-e-type=\"widget\" data-widget_type=\"image.default\">\n\t\t\t\t<div class=\"elementor-widget-container\">\n\t\t\t\t\t\t\t\t\t\t\t\t\t\t\t<img decoding=\"async\" width=\"733\" height=\"1024\" src=\"https:\/\/www.xiangxiangdaily.com\/wp-content\/uploads\/2024\/04\/OEM-733x1024.webp\" class=\"attachment-large size-large wp-image-21764\" alt=\"OEM\" srcset=\"https:\/\/www.xiangxiangdaily.com\/wp-content\/uploads\/2024\/04\/OEM-733x1024.webp 733w, https:\/\/www.xiangxiangdaily.com\/wp-content\/uploads\/2024\/04\/OEM-600x838.webp 600w, https:\/\/www.xiangxiangdaily.com\/wp-content\/uploads\/2024\/04\/OEM-215x300.webp 215w, https:\/\/www.xiangxiangdaily.com\/wp-content\/uploads\/2024\/04\/OEM-768x1073.webp 768w, https:\/\/www.xiangxiangdaily.com\/wp-content\/uploads\/2024\/04\/OEM.webp 1094w\" sizes=\"(max-width: 733px) 100vw, 733px\" \/>\t\t\t\t\t\t\t\t\t\t\t\t\t\t\t<\/div>\n\t\t\t\t<\/div>\n\t\t\t\t<\/div>\n\t\t<div class=\"elementor-element elementor-element-2376bf0 e-con-full e-flex e-con e-child\" data-id=\"2376bf0\" data-element_type=\"container\" data-e-type=\"container\">\n\t\t\t\t<div class=\"elementor-element elementor-element-56e3e64 elementor-widget elementor-widget-heading\" data-id=\"56e3e64\" data-element_type=\"widget\" data-e-type=\"widget\" data-widget_type=\"heading.default\">\n\t\t\t\t<div class=\"elementor-widget-container\">\n\t\t\t\t\t<h3 class=\"elementor-heading-title elementor-size-default\">Services ODM<\/h3>\t\t\t\t<\/div>\n\t\t\t\t<\/div>\n\t\t\t\t<div class=\"elementor-element elementor-element-aab2d7b elementor-widget elementor-widget-image\" data-id=\"aab2d7b\" data-element_type=\"widget\" data-e-type=\"widget\" data-widget_type=\"image.default\">\n\t\t\t\t<div class=\"elementor-widget-container\">\n\t\t\t\t\t\t\t\t\t\t\t\t\t\t\t<img decoding=\"async\" width=\"743\" height=\"1024\" src=\"https:\/\/www.xiangxiangdaily.com\/wp-content\/uploads\/2024\/04\/ODM-743x1024.webp\" class=\"attachment-large size-large wp-image-21759\" alt=\"ODM\" srcset=\"https:\/\/www.xiangxiangdaily.com\/wp-content\/uploads\/2024\/04\/ODM-743x1024.webp 743w, https:\/\/www.xiangxiangdaily.com\/wp-content\/uploads\/2024\/04\/ODM-600x827.webp 600w, https:\/\/www.xiangxiangdaily.com\/wp-content\/uploads\/2024\/04\/ODM-218x300.webp 218w, https:\/\/www.xiangxiangdaily.com\/wp-content\/uploads\/2024\/04\/ODM-768x1058.webp 768w, https:\/\/www.xiangxiangdaily.com\/wp-content\/uploads\/2024\/04\/ODM.webp 1084w\" sizes=\"(max-width: 743px) 100vw, 743px\" \/>\t\t\t\t\t\t\t\t\t\t\t\t\t\t\t<\/div>\n\t\t\t\t<\/div>\n\t\t\t\t<\/div>\n\t\t\t\t\t<\/div>\n\t\t\t\t<\/div>\n\t\t\t\t<\/div>\n\t\t","protected":false},"excerpt":{"rendered":"<p>Services OEM et ODM Les services OEM et ODM de Xiangxiang Daily permettent aux entreprises de r\u00e9duire leurs d\u00e9penses, d&rsquo;am\u00e9liorer leur productivit\u00e9 et de personnaliser leurs produits sans avoir \u00e0 investir dans des \u00e9quipements et des installations de fabrication co\u00fbteux. Cela permet aux entreprises de se concentrer sur leurs points forts et de canaliser leurs [&hellip;]<\/p>\n","protected":false},"author":1,"featured_media":11329,"parent":0,"menu_order":0,"comment_status":"closed","ping_status":"closed","template":"","meta":{"_acf_changed":false,"footnotes":""},"class_list":["post-19893","page","type-page","status-publish","has-post-thumbnail","hentry"],"acf":[],"_links":{"self":[{"href":"https:\/\/www.xiangxiangdaily.com\/fr\/wp-json\/wp\/v2\/pages\/19893","targetHints":{"allow":["GET"]}}],"collection":[{"href":"https:\/\/www.xiangxiangdaily.com\/fr\/wp-json\/wp\/v2\/pages"}],"about":[{"href":"https:\/\/www.xiangxiangdaily.com\/fr\/wp-json\/wp\/v2\/types\/page"}],"author":[{"embeddable":true,"href":"https:\/\/www.xiangxiangdaily.com\/fr\/wp-json\/wp\/v2\/users\/1"}],"replies":[{"embeddable":true,"href":"https:\/\/www.xiangxiangdaily.com\/fr\/wp-json\/wp\/v2\/comments?post=19893"}],"version-history":[{"count":0,"href":"https:\/\/www.xiangxiangdaily.com\/fr\/wp-json\/wp\/v2\/pages\/19893\/revisions"}],"wp:featuredmedia":[{"embeddable":true,"href":"https:\/\/www.xiangxiangdaily.com\/fr\/wp-json\/wp\/v2\/media\/11329"}],"wp:attachment":[{"href":"https:\/\/www.xiangxiangdaily.com\/fr\/wp-json\/wp\/v2\/media?parent=19893"}],"curies":[{"name":"wp","href":"https:\/\/api.w.org\/{rel}","templated":true}]}}