{"id":62878,"date":"2022-11-23T12:34:00","date_gmt":"2022-11-23T04:34:00","guid":{"rendered":"https:\/\/www.xiangxiangdaily.com\/terms-conditions\/"},"modified":"2026-02-28T17:08:58","modified_gmt":"2026-02-28T09:08:58","slug":"terms-conditions","status":"publish","type":"page","link":"https:\/\/www.xiangxiangdaily.com\/fr\/terms-conditions\/","title":{"rendered":"Conditions g\u00e9n\u00e9rales d&rsquo;utilisation"},"content":{"rendered":"\t\t<div data-elementor-type=\"wp-page\" data-elementor-id=\"62878\" class=\"elementor elementor-62878 elementor-444\" data-elementor-post-type=\"page\">\n\t\t\t\t<div class=\"elementor-element elementor-element-c663898 e-flex e-con-boxed e-con e-parent\" data-id=\"c663898\" data-element_type=\"container\" data-e-type=\"container\" data-settings=\"{&quot;background_background&quot;:&quot;classic&quot;}\">\n\t\t\t\t\t<div class=\"e-con-inner\">\n\t\t\t\t<div class=\"elementor-element elementor-element-af456e3 elementor-widget elementor-widget-heading\" data-id=\"af456e3\" data-element_type=\"widget\" data-e-type=\"widget\" data-widget_type=\"heading.default\">\n\t\t\t\t<div class=\"elementor-widget-container\">\n\t\t\t\t\t<h1 class=\"elementor-heading-title elementor-size-default\">Conditions g\u00e9n\u00e9rales d'utilisation du site web<\/h1>\t\t\t\t<\/div>\n\t\t\t\t<\/div>\n\t\t\t\t<div class=\"elementor-element elementor-element-28b59da elementor-align-center elementor-widget elementor-widget-breadcrumbs\" data-id=\"28b59da\" data-element_type=\"widget\" data-e-type=\"widget\" data-widget_type=\"breadcrumbs.default\">\n\t\t\t\t<div class=\"elementor-widget-container\">\n\t\t\t\t\t<nav><span class=\"last\">Accueil<\/span><\/nav>\t\t\t\t<\/div>\n\t\t\t\t<\/div>\n\t\t\t\t\t<\/div>\n\t\t\t\t<\/div>\n\t\t<div class=\"elementor-element elementor-element-290ab4f e-flex e-con-boxed e-con e-parent\" data-id=\"290ab4f\" data-element_type=\"container\" data-e-type=\"container\">\n\t\t\t\t\t<div class=\"e-con-inner\">\n\t\t\t\t<div class=\"elementor-element elementor-element-cb1a7f9 elementor-widget elementor-widget-text-editor\" data-id=\"cb1a7f9\" data-element_type=\"widget\" data-e-type=\"widget\" data-widget_type=\"text-editor.default\">\n\t\t\t\t<div class=\"elementor-widget-container\">\n\t\t\t\t\t\t\t\t\t<p>Dans les conditions g\u00e9n\u00e9rales d&rsquo;utilisation de ce site Internet, les termes \" nous \", \" notre \", \" Lidercare \", \" Xiangxiangdaily \", \" groupe Xiangxiangdaily \", etc. sont utilis\u00e9s pour d\u00e9signer Xiangxiangdaily Switzerland Ltd. et ses filiales. La r\u00e9f\u00e9rence \u00e0 \"ce site web\" dans le pr\u00e9sent document se rapporte \u00e0 toute personne qui <a class=\"link-whisper\" title=\"Contact\" href=\"https:\/\/www.xiangxiangdaily.com\/fr\/contact\/\" target=\"_blank\" rel=\"noopener\" data-wpil-monitor-id=\"536\">contacte<\/a> et\/ou utilise ce site web. <\/p>\n<p>Dans ce site Internet, des termes tels que \" nous \", \" notre \", \" Lidercare \", \" Xiangxiangdaily \", \" groupe Xiangxiangdaily \", etc. sont utilis\u00e9s pour d\u00e9signer Xiangxiangdaily Switzerland Ltd. et ses filiales. La r\u00e9f\u00e9rence \u00e0 \"ce site web\" dans le pr\u00e9sent document se rapporte \u00e0 toute personne qui contacte et\/ou utilise ce site web. <\/p>\n<p>Dans le pr\u00e9sent site web, les termes tels que \"nous\", \"notre\", \"Lidercare\", \"&#8230;\" sont utilis\u00e9s pour d\u00e9signer des personnes ou des groupes de personnes.<span style=\"text-decoration: underline; color: #333333;\"><a style=\"color: #333333; text-decoration: underline;\" href=\"http:\/\/www.lidercare.com\" target=\"_blank\" rel=\"noopener\">Lidercare<\/a><\/span>\", \" Xiangxiangdaily \", \" Xiangxiangdaily Group \", etc. sont utilis\u00e9s pour d\u00e9signer Xiangxiangdaily Switzerland Ltd. et ses filiales. La r\u00e9f\u00e9rence \u00e0 \"ce site web\" dans le pr\u00e9sent document se rapporte \u00e0 toute personne qui contacte et\/ou utilise ce site web.<\/p>\n<h2>Avis de confidentialit\u00e9 du site web<\/h2>\n<p>Toute information personnelle ou transmise \u00e0 ce site web est soumise \u00e0 la politique de confidentialit\u00e9 du groupe Xiangxiang. <span style=\"text-decoration: underline; color: #333333;\"><a style=\"color: #333333; text-decoration: underline;\" href=\"https:\/\/www.xiangxiangdaily.com\/fr\/privacy-policy\/\">politique de confidentialit\u00e9<\/a><\/span> et \u00e0 la protection de la vie priv\u00e9e et des donn\u00e9es personnelles telle qu&rsquo;elle est d\u00e9crite sur ce site web.<\/p>\n<h2>L&rsquo;exactitude, l&rsquo;exhaustivit\u00e9 et l&rsquo;actualit\u00e9 des informations<\/h2>\n<p>Nous ne sommes pas responsables de l&rsquo;exactitude et de l&rsquo;exhaustivit\u00e9 des informations pr\u00e9sent\u00e9es sur ce site. Toute confiance accord\u00e9e aux documents contenus dans ce site web est faite \u00e0 vos propres risques. Vous acceptez d&rsquo;assumer la responsabilit\u00e9 de toute modification ou mise \u00e0 jour apport\u00e9e aux informations et au mat\u00e9riel contenus sur ce site web.  <\/p>\n<h2>Transmission<\/h2>\n<p>Toute communication ou tout mat\u00e9riel non personnel transmis au site, y compris, mais sans s&rsquo;y limiter, le mat\u00e9riel, les questions, les commentaires, les suggestions ou tout autre contenu similaire, est consid\u00e9r\u00e9 comme non confidentiel et non priv\u00e9. Tout contenu transmis ou post\u00e9 par vous sur le Site est la propri\u00e9t\u00e9 du Groupe Lidercare et peut \u00eatre utilis\u00e9 \u00e0 toutes fins, y compris, mais sans s&rsquo;y limiter, la reproduction, la divulgation, la transmission, la distribution, la diffusion et l&rsquo;affichage. En outre, les id\u00e9es, dessins, inspirations, suggestions ou concepts que vous transmettez sur ce site peuvent \u00eatre utilis\u00e9s par le groupe Xiangxiang \u00e0 des fins diverses telles que le d\u00e9veloppement de produits, la production, la promotion et le marketing.  <\/p>\n<p>Le groupe Xiangxiang n&rsquo;est pas responsable de la fourniture d&rsquo;informations li\u00e9es aux utilisations susmentionn\u00e9es. En fournissant des informations, vous garantissez que les informations que vous fournissez vous appartiennent et qu&rsquo;elles n&rsquo;enfreindront pas les droits de tiers ou ne violeront pas les lois applicables par l&rsquo;utilisation de ces informations par Lidercare Group. En outre, le groupe Xiangxiang n&rsquo;est pas tenu d&rsquo;utiliser les informations fournies.  <\/p>\n<h2>Droits de propri\u00e9t\u00e9 intellectuelle<\/h2>\n<p>XiangxiangDaily Products Ltd. de Suisse est le d\u00e9tenteur de la marque d\u00e9pos\u00e9e. Tous les droits d&rsquo;auteur, marques d\u00e9pos\u00e9es et autres droits de propri\u00e9t\u00e9 intellectuelle des textes, images et autres mat\u00e9riels figurant sur ce site web appartiennent au groupe XiangxiangDaily ou sont autoris\u00e9s par le propri\u00e9taire concern\u00e9. <\/p>\n<p>Vous \u00eates autoris\u00e9 \u00e0 acc\u00e9der \u00e0 ce site web, \u00e0 en copier des extraits (r\u00e9f\u00e9rences), \u00e0 les imprimer sur votre disque dur ou \u00e0 les transmettre \u00e0 d&rsquo;autres personnes. Toutefois, vous devez conserver tous les droits d&rsquo;auteur, les autres avis de propri\u00e9t\u00e9 et les avis de marque figurant sur la copie. La reproduction de toute partie du site web ne peut \u00eatre vendue ou distribu\u00e9e \u00e0 des fins commerciales, ni modifi\u00e9e ou ajout\u00e9e \u00e0 d&rsquo;autres travaux, publications ou sites web.  <\/p>\n<p>Les marques commerciales, les logos, les caract\u00e8res typographiques et les marques de service (collectivement d\u00e9nomm\u00e9s \"marques commerciales\") qui apparaissent sur ce site Internet sont la propri\u00e9t\u00e9 du groupe XiangxiangDaily. Il est strictement interdit d&rsquo;utiliser les marques commerciales figurant sur ce site web ou tout autre contenu de ce site web, sauf dans les cas pr\u00e9vus par les pr\u00e9sentes conditions g\u00e9n\u00e9rales. Vous devez \u00e9galement noter que le groupe XiangxiangDaily fera pleinement respecter ses droits de propri\u00e9t\u00e9 intellectuelle dans toute la mesure permise par la loi.  <\/p>\n<h2>Lien vers d&rsquo;autres sites<\/h2>\n<p>Le site web du groupe XiangxiangDaily peut contenir des liens vers des r\u00e9seaux et syst\u00e8mes externes qui ne sont pas sous le contr\u00f4le de XiangxiangDaily. Nous ne garantissons pas l&rsquo;exactitude, la fonctionnalit\u00e9 ou le contenu de tout site web externe li\u00e9 \u00e0 notre site web. Les liens sont propos\u00e9s en toute bonne foi et le groupe XiangxiangDaily n&rsquo;est pas responsable des changements ult\u00e9rieurs apport\u00e9s au site web li\u00e9. Les liens vers d&rsquo;autres sites web n&rsquo;impliquent pas l&rsquo;approbation ou la reconnaissance par le groupe XiangxiangDaily. Nous vous conseillons vivement de lire attentivement les avis juridiques et de confidentialit\u00e9 de tout site web externe que vous visitez.    <\/p>\n<p>En acc\u00e9dant \u00e0 ce site web et en l&rsquo;utilisant, vous le faites \u00e0 vos propres risques.<\/p>\n<h2>Garantie<\/h2>\n<p>Ce site web vous est fourni \"tel quel\" et \"tel que disponible\", et XiangxiangDaily n&rsquo;offre aucune garantie de quelque nature que ce soit, expresse, implicite, statutaire ou autre (y compris les garanties implicites de qualit\u00e9 marchande, de qualit\u00e9 satisfaisante, d&rsquo;ad\u00e9quation \u00e0 un usage particulier), y compris les garanties ou repr\u00e9sentations selon lesquelles les informations sur le site web seront compl\u00e8tes, exactes, fiables, opportunes, ne porteront pas atteinte aux droits de tiers, que l&rsquo;acc\u00e8s \u00e0 ce site web sera ininterrompu, ou qu&rsquo;il n&rsquo;y aura pas d&rsquo;erreurs ou de virus sur le site web. XiangxiangDaily ne garantit pas non plus que ce site web sera s\u00fbr, ou que tout conseil ou information obtenu \u00e0 partir du site web est exact ou fiable. Toute garantie ou repr\u00e9sentation est express\u00e9ment rejet\u00e9e.  <\/p>\n<p>Veuillez noter que certaines juridictions n&rsquo;autorisent pas l&rsquo;exclusion des garanties implicites, de sorte que certaines de ces exclusions peuvent ne pas s&rsquo;appliquer \u00e0 vous. Veuillez v\u00e9rifier votre l\u00e9gislation locale. <\/p>\n<p>Nous nous r\u00e9servons le droit de limiter, de suspendre ou de mettre fin \u00e0 votre acc\u00e8s \u00e0 ce site web ou \u00e0 l&rsquo;une de ses caract\u00e9ristiques, \u00e0 tout moment et sans pr\u00e9avis.<\/p>\n<h2>Responsabilit\u00e9 juridique<\/h2>\n<p>Quelle qu&rsquo;en soit la raison et qu&rsquo;elle soit due \u00e0 votre utilisation, \u00e0 votre incapacit\u00e9 d&rsquo;utilisation ou aux modifications apport\u00e9es \u00e0 ce site web, ou \u00e0 l&rsquo;acc\u00e8s \u00e0 d&rsquo;autres sites web par le biais de liens fournis sur ce site web, ou \u00e0 toute action prise ou non par nous en r\u00e9ponse aux messages \u00e9lectroniques qui nous sont envoy\u00e9s, le groupe Lidercare et\/ou d&rsquo;autres parties impliqu\u00e9es dans la cr\u00e9ation, la production ou la repr\u00e9sentation de ce site web ne seront pas tenus responsables des dommages, co\u00fbts, pertes ou responsabilit\u00e9s directs, accidentels, cons\u00e9cutifs, indirects, sp\u00e9ciaux ou punitifs, dans la mesure o\u00f9 la loi applicable le permet.<\/p>\n<p>Le groupe Lidercare et\/ou les autres personnes impliqu\u00e9es dans la cr\u00e9ation, la production ou la transmission de ce site web ne sont pas responsables de la maintenance et de l&rsquo;entretien de ce site web, ni des corrections, mises \u00e0 jour ou affichages li\u00e9s \u00e0 ce site web. Tous les \u00e9l\u00e9ments figurant sur ce site web sont susceptibles d&rsquo;\u00eatre modifi\u00e9s sans pr\u00e9avis. <\/p>\n<p>En outre, le Groupe Lidercare ne peut \u00eatre tenu responsable de tout dommage pouvant r\u00e9sulter de l&rsquo;infection de votre \u00e9quipement informatique ou d&rsquo;autres biens par des virus \u00e0 la suite de l&rsquo;utilisation, de l&rsquo;acc\u00e8s ou du t\u00e9l\u00e9chargement de tout \u00e9l\u00e9ment figurant sur ce site web. Si vous choisissez de t\u00e9l\u00e9charger du mat\u00e9riel \u00e0 partir de ce site, vous le faites \u00e0 vos propres risques. <\/p>\n<p>Veuillez noter que certaines juridictions n&rsquo;autorisent pas l&rsquo;exclusion ou la limitation de la responsabilit\u00e9 pour les dommages accessoires ou indirects, de sorte que certaines exclusions ou limitations peuvent ne pas s&rsquo;appliquer \u00e0 vous. Veuillez v\u00e9rifier votre l\u00e9gislation locale. <\/p>\n<h2>Activit\u00e9 interdite<\/h2>\n<p>Vous n&rsquo;\u00eates pas autoris\u00e9 \u00e0 vous engager dans une activit\u00e9 que le groupe Lidercare juge inappropri\u00e9e, ill\u00e9gale ou interdite par toute loi applicable, y compris mais sans s&rsquo;y limiter :<\/p>\n<ul>\n<li>Violation de la vie priv\u00e9e ou des droits l\u00e9gaux d&rsquo;une personne, par exemple en t\u00e9l\u00e9chargeant des donn\u00e9es personnelles sans son consentement.<\/li>\n<li>Utiliser ce site web pour diffamer ou saper le Groupe Lidercare, ses employ\u00e9s ou d&rsquo;autres personnes d&rsquo;une mani\u00e8re qui porte atteinte \u00e0 leur r\u00e9putation.<\/li>\n<li>T\u00e9l\u00e9charger un fichier contenant un virus qui endommage les biens de Lidercare ou d&rsquo;autres personnes.<\/li>\n<li>Publier ou transmettre du mat\u00e9riel non autoris\u00e9 sur le site, y compris, mais sans s&rsquo;y limiter, du mat\u00e9riel li\u00e9 \u00e0 des menaces pour le syst\u00e8me ou la cybers\u00e9curit\u00e9, au racisme, \u00e0 l&rsquo;obsc\u00e9nit\u00e9 ou \u00e0 tout autre contenu ill\u00e9gal qui, selon nous, pourrait causer un pr\u00e9judice, un d\u00e9savantage ou une violation au groupe Lidercare ou \u00e0 des soci\u00e9t\u00e9s tierces.<\/li>\n<\/ul>\n<p>Vous et Lidercare convenez que tout litige ou toute r\u00e9clamation r\u00e9sultant de l&rsquo;utilisation de ce site web sera r\u00e9gi par les lois de la R\u00e9gion administrative sp\u00e9ciale de Hong Kong et sera soumis \u00e0 la comp\u00e9tence exclusive des tribunaux de la R\u00e9gion administrative sp\u00e9ciale de Hong Kong.<\/p>\n<h2>Utilisation du site web<\/h2>\n<ul>\n<li>Ce site web est destin\u00e9 \u00e0 votre usage personnel et vous n&rsquo;\u00eates pas autoris\u00e9 \u00e0 l&rsquo;utiliser \u00e0 des fins commerciales ou \u00e0 accorder une telle autorisation \u00e0 d&rsquo;autres personnes.<\/li>\n<li>Nous nous r\u00e9servons le droit d&rsquo;examiner, de modifier, de d\u00e9placer ou de supprimer unilat\u00e9ralement et sans pr\u00e9avis tout mat\u00e9riel affich\u00e9 ou publi\u00e9 sur le site web ou son tableau d&rsquo;affichage, et ce \u00e0 notre seule discr\u00e9tion.<\/li>\n<li>Vous n&rsquo;\u00eates pas autoris\u00e9 \u00e0 modifier, copier, r\u00e9initialiser, r\u00e9imprimer, t\u00e9l\u00e9charger, poster, transmettre ou distribuer le mat\u00e9riel, y compris le code et le logiciel du site, de quelque mani\u00e8re que ce soit.<\/li>\n<li>Vous vous engagez \u00e0 ne pas utiliser ce site web pour publier du mat\u00e9riel obsc\u00e8ne, diffamatoire, incitatif, harcelant, raciste ou haineux, et \u00e0 ne l&rsquo;utiliser qu&rsquo;en conformit\u00e9 avec la loi.<\/li>\n<li>Il vous incombe de veiller \u00e0 ce que le mat\u00e9riel que vous fournissez sur le site ou que vous publiez sur le tableau d&rsquo;affichage ou le forum, ou ailleurs, ne viole aucun droit d&rsquo;auteur, aucune marque commerciale ni aucun autre droit exclusif personnel ou de tiers.<\/li>\n<li>Vous acceptez de ne pas endommager, couvrir, attaquer, modifier ou interf\u00e9rer avec le site et ses logiciels, mat\u00e9riels et\/ou serveurs de quelque mani\u00e8re que ce soit.<\/li>\n<\/ul>\n<p>Le non-respect des conditions susmentionn\u00e9es peut entra\u00eener la suspension ou la r\u00e9siliation de votre acc\u00e8s \u00e0 ce site web, avec ou sans pr\u00e9avis, \u00e0 diff\u00e9rents moments sur le site web.<\/p>\n<h2>Confidentialit\u00e9 et accord de confidentialit\u00e9<\/h2>\n<p>Vous reconnaissez et acceptez que toute information confidentielle fournie par le groupe Lidercare, qu&rsquo;elle soit identifi\u00e9e comme telle ou non, y compris, mais sans s&rsquo;y limiter, les mat\u00e9riaux, processus et techniques exclusifs li\u00e9s \u00e0 l&rsquo;examen et au test de concepts de produits ou de services futurs dans le cadre d&rsquo;enqu\u00eates ou de discussions en ligne ou hors ligne, restera confidentielle et ne sera pas divulgu\u00e9e, copi\u00e9e, utilis\u00e9e ou fournie directement ou indirectement \u00e0 une tierce partie.<\/p>\n\t\t\t\t\t\t\t\t<\/div>\n\t\t\t\t<\/div>\n\t\t\t\t\t<\/div>\n\t\t\t\t<\/div>\n\t\t\t\t<\/div>\n\t\t","protected":false},"excerpt":{"rendered":"<p>Conditions g\u00e9n\u00e9rales d&rsquo;utilisation du site web Home Dans les conditions g\u00e9n\u00e9rales d&rsquo;utilisation de ce site Internet, les termes \" nous \", \" notre \", \" Lidercare \", \" Xiangxiangdaily \", \" groupe Xiangxiangdaily \", etc. sont utilis\u00e9s pour d\u00e9signer Xiangxiangdaily Switzerland Ltd. et ses filiales. La r\u00e9f\u00e9rence \u00e0 \"ce site web\" dans le pr\u00e9sent document [&hellip;]<\/p>\n","protected":false},"author":1,"featured_media":0,"parent":0,"menu_order":0,"comment_status":"closed","ping_status":"closed","template":"","meta":{"_acf_changed":false,"footnotes":""},"class_list":["post-62878","page","type-page","status-publish","hentry"],"acf":[],"_links":{"self":[{"href":"https:\/\/www.xiangxiangdaily.com\/fr\/wp-json\/wp\/v2\/pages\/62878","targetHints":{"allow":["GET"]}}],"collection":[{"href":"https:\/\/www.xiangxiangdaily.com\/fr\/wp-json\/wp\/v2\/pages"}],"about":[{"href":"https:\/\/www.xiangxiangdaily.com\/fr\/wp-json\/wp\/v2\/types\/page"}],"author":[{"embeddable":true,"href":"https:\/\/www.xiangxiangdaily.com\/fr\/wp-json\/wp\/v2\/users\/1"}],"replies":[{"embeddable":true,"href":"https:\/\/www.xiangxiangdaily.com\/fr\/wp-json\/wp\/v2\/comments?post=62878"}],"version-history":[{"count":0,"href":"https:\/\/www.xiangxiangdaily.com\/fr\/wp-json\/wp\/v2\/pages\/62878\/revisions"}],"wp:attachment":[{"href":"https:\/\/www.xiangxiangdaily.com\/fr\/wp-json\/wp\/v2\/media?parent=62878"}],"curies":[{"name":"wp","href":"https:\/\/api.w.org\/{rel}","templated":true}]}}