{"id":36064,"date":"2023-01-12T09:51:13","date_gmt":"2023-01-12T01:51:13","guid":{"rendered":"https:\/\/www.xiangxiangdaily.com\/qualidade\/"},"modified":"2026-03-17T14:30:50","modified_gmt":"2026-03-17T06:30:50","slug":"qualidade","status":"publish","type":"page","link":"https:\/\/www.xiangxiangdaily.com\/pt-pt\/qualidade\/","title":{"rendered":"Qualidade"},"content":{"rendered":"\t\t<div data-elementor-type=\"wp-page\" data-elementor-id=\"36064\" class=\"elementor elementor-36064 elementor-3370\" data-elementor-post-type=\"page\">\n\t\t\t\t<div class=\"elementor-element elementor-element-1058d60 e-flex e-con-boxed e-con e-parent\" data-id=\"1058d60\" data-element_type=\"container\" data-e-type=\"container\" data-settings=\"{&quot;background_background&quot;:&quot;classic&quot;}\">\n\t\t\t\t\t<div class=\"e-con-inner\">\n\t\t\t\t<div class=\"elementor-element elementor-element-4976530b elementor-widget elementor-widget-heading\" data-id=\"4976530b\" data-element_type=\"widget\" data-e-type=\"widget\" data-widget_type=\"heading.default\">\n\t\t\t\t<div class=\"elementor-widget-container\">\n\t\t\t\t\t<h1 class=\"elementor-heading-title elementor-size-default\">Controlo de qualidade<\/h1>\t\t\t\t<\/div>\n\t\t\t\t<\/div>\n\t\t\t\t<div class=\"elementor-element elementor-element-50c1500b elementor-widget elementor-widget-heading\" data-id=\"50c1500b\" data-element_type=\"widget\" data-e-type=\"widget\" data-widget_type=\"heading.default\">\n\t\t\t\t<div class=\"elementor-widget-container\">\n\t\t\t\t\t<p class=\"elementor-heading-title elementor-size-default\">Obt\u00e9m uma vantagem sobre a concorr\u00eancia atrav\u00e9s da implementa\u00e7\u00e3o de pr\u00e1ticas de gest\u00e3o da qualidade.<\/p>\t\t\t\t<\/div>\n\t\t\t\t<\/div>\n\t\t\t\t<div class=\"elementor-element elementor-element-67403f7 elementor-widget elementor-widget-breadcrumbs\" data-id=\"67403f7\" data-element_type=\"widget\" data-e-type=\"widget\" data-widget_type=\"breadcrumbs.default\">\n\t\t\t\t<div class=\"elementor-widget-container\">\n\t\t\t\t\t<nav><span class=\"last\">Casa<\/span><\/nav>\t\t\t\t<\/div>\n\t\t\t\t<\/div>\n\t\t\t\t\t<\/div>\n\t\t\t\t<\/div>\n\t\t<div class=\"elementor-element elementor-element-f935f2e e-flex e-con-boxed e-con e-parent\" data-id=\"f935f2e\" data-element_type=\"container\" data-e-type=\"container\">\n\t\t\t\t\t<div class=\"e-con-inner\">\n\t\t<div class=\"elementor-element elementor-element-4f7ac06 e-con-full e-flex e-con e-child\" data-id=\"4f7ac06\" data-element_type=\"container\" data-e-type=\"container\">\n\t\t\t\t<div class=\"elementor-element elementor-element-690f7dc elementor-widget elementor-widget-heading\" data-id=\"690f7dc\" data-element_type=\"widget\" data-e-type=\"widget\" data-widget_type=\"heading.default\">\n\t\t\t\t<div class=\"elementor-widget-container\">\n\t\t\t\t\t<h2 class=\"elementor-heading-title elementor-size-default\">Os pormenores da beleza s\u00e3o o que verdadeiramente a distingue<\/h2>\t\t\t\t<\/div>\n\t\t\t\t<\/div>\n\t\t\t\t<div class=\"elementor-element elementor-element-3592340 elementor-widget-divider--view-line elementor-widget elementor-widget-divider\" data-id=\"3592340\" data-element_type=\"widget\" data-e-type=\"widget\" data-widget_type=\"divider.default\">\n\t\t\t\t<div class=\"elementor-widget-container\">\n\t\t\t\t\t\t\t<div class=\"elementor-divider\">\n\t\t\t<span class=\"elementor-divider-separator\">\n\t\t\t\t\t\t<\/span>\n\t\t<\/div>\n\t\t\t\t\t\t<\/div>\n\t\t\t\t<\/div>\n\t\t\t\t<\/div>\n\t\t<div class=\"elementor-element elementor-element-7c58979 e-con-full e-flex e-con e-child\" data-id=\"7c58979\" data-element_type=\"container\" data-e-type=\"container\">\n\t\t\t\t<div class=\"elementor-element elementor-element-c5202c8 elementor-widget elementor-widget-text-editor\" data-id=\"c5202c8\" data-element_type=\"widget\" data-e-type=\"widget\" data-widget_type=\"text-editor.default\">\n\t\t\t\t<div class=\"elementor-widget-container\">\n\t\t\t\t\t\t\t\t\t<p>Na Xiangxiang, orgulhamo-nos da nossa experi\u00eancia no <span style=\"text-decoration: underline; color: #cc99ff;\"><strong><a style=\"color: #cc99ff; text-decoration: underline;\" href=\"https:\/\/www.xiangxiangdaily.com\/manufacturing\/\">fabrico<\/a><\/strong><\/span>\u00c9 por isso que temos um departamento dedicado ao controlo de qualidade para garantir a qualidade superior dos nossos produtos. A nossa equipa de controlo de qualidade e o departamento de fabrico trabalham em estreita colabora\u00e7\u00e3o em todas as fases do processo de produ\u00e7\u00e3o, desde a recolha e mistura de ingredientes at\u00e9 aos testes de pH e ao enchimento e embalagem. Juntos, garantem que o nosso produto final cumpre os nossos elevados padr\u00f5es de qualidade.  <\/p>\t\t\t\t\t\t\t\t<\/div>\n\t\t\t\t<\/div>\n\t\t\t\t<\/div>\n\t\t\t\t\t<\/div>\n\t\t\t\t<\/div>\n\t\t<div class=\"elementor-element elementor-element-f5c2d6d e-flex e-con-boxed e-con e-parent\" data-id=\"f5c2d6d\" data-element_type=\"container\" data-e-type=\"container\">\n\t\t\t\t\t<div class=\"e-con-inner\">\n\t\t<div class=\"elementor-element elementor-element-127ccb0 e-flex e-con-boxed e-con e-child\" data-id=\"127ccb0\" data-element_type=\"container\" data-e-type=\"container\">\n\t\t\t\t\t<div class=\"e-con-inner\">\n\t\t<div class=\"elementor-element elementor-element-cfe27f7 e-flex e-con-boxed e-con e-child\" data-id=\"cfe27f7\" data-element_type=\"container\" data-e-type=\"container\">\n\t\t\t\t\t<div class=\"e-con-inner\">\n\t\t\t\t<div class=\"elementor-element elementor-element-95ea013 elementor-widget elementor-widget-heading\" data-id=\"95ea013\" data-element_type=\"widget\" data-e-type=\"widget\" data-widget_type=\"heading.default\">\n\t\t\t\t<div class=\"elementor-widget-container\">\n\t\t\t\t\t<h2 class=\"elementor-heading-title elementor-size-default\">N\u00edvel de pH<\/h2>\t\t\t\t<\/div>\n\t\t\t\t<\/div>\n\t\t\t\t<div class=\"elementor-element elementor-element-1de0218 elementor-widget elementor-widget-heading\" data-id=\"1de0218\" data-element_type=\"widget\" data-e-type=\"widget\" data-widget_type=\"heading.default\">\n\t\t\t\t<div class=\"elementor-widget-container\">\n\t\t\t\t\t<p class=\"elementor-heading-title elementor-size-default\">O n\u00edvel de pH do produto \u00e9 um fator cr\u00edtico para garantir a sua seguran\u00e7a e efic\u00e1cia. O n\u00edvel de pH pode afetar a capacidade do produto para penetrar na pele ou no cabelo e pode tamb\u00e9m causar irrita\u00e7\u00e3o ou danos. Por conseguinte, o n\u00edvel de pH \u00e9 testado para garantir que se encontra dentro do intervalo recomendado para esse produto espec\u00edfico.  <\/p>\t\t\t\t<\/div>\n\t\t\t\t<\/div>\n\t\t\t\t\t<\/div>\n\t\t\t\t<\/div>\n\t\t<div class=\"elementor-element elementor-element-49db518 e-flex e-con-boxed e-con e-child\" data-id=\"49db518\" data-element_type=\"container\" data-e-type=\"container\">\n\t\t\t\t\t<div class=\"e-con-inner\">\n\t\t\t\t<div class=\"elementor-element elementor-element-c0fe689 elementor-widget elementor-widget-image\" data-id=\"c0fe689\" data-element_type=\"widget\" data-e-type=\"widget\" data-widget_type=\"image.default\">\n\t\t\t\t<div class=\"elementor-widget-container\">\n\t\t\t\t\t\t\t\t\t\t\t\t\t\t\t<img fetchpriority=\"high\" decoding=\"async\" width=\"800\" height=\"533\" src=\"https:\/\/www.xiangxiangdaily.com\/wp-content\/uploads\/2023\/12\/pH-level.webp\" class=\"attachment-large size-large wp-image-98982\" alt=\"pH level\" \/>\t\t\t\t\t\t\t\t\t\t\t\t\t\t\t<\/div>\n\t\t\t\t<\/div>\n\t\t\t\t\t<\/div>\n\t\t\t\t<\/div>\n\t\t\t\t\t<\/div>\n\t\t\t\t<\/div>\n\t\t<div class=\"elementor-element elementor-element-e8077db e-flex e-con-boxed e-con e-child\" data-id=\"e8077db\" data-element_type=\"container\" data-e-type=\"container\">\n\t\t\t\t\t<div class=\"e-con-inner\">\n\t\t<div class=\"elementor-element elementor-element-94df213 e-flex e-con-boxed e-con e-child\" data-id=\"94df213\" data-element_type=\"container\" data-e-type=\"container\">\n\t\t\t\t\t<div class=\"e-con-inner\">\n\t\t\t\t<div class=\"elementor-element elementor-element-6cab142 elementor-widget elementor-widget-heading\" data-id=\"6cab142\" data-element_type=\"widget\" data-e-type=\"widget\" data-widget_type=\"heading.default\">\n\t\t\t\t<div class=\"elementor-widget-container\">\n\t\t\t\t\t<h2 class=\"elementor-heading-title elementor-size-default\">Viscosidade<\/h2>\t\t\t\t<\/div>\n\t\t\t\t<\/div>\n\t\t\t\t<div class=\"elementor-element elementor-element-3266099 elementor-widget elementor-widget-heading\" data-id=\"3266099\" data-element_type=\"widget\" data-e-type=\"widget\" data-widget_type=\"heading.default\">\n\t\t\t\t<div class=\"elementor-widget-container\">\n\t\t\t\t\t<p class=\"elementor-heading-title elementor-size-default\">A espessura ou viscosidade do produto \u00e9 um aspeto essencial da sua qualidade global. A viscosidade \u00e9 medida para garantir que \u00e9 consistente e que cumpre a textura desejada. A textura do produto \u00e9 crucial para garantir que \u00e9 f\u00e1cil de aplicar, distribuir e utilizar.  <\/p>\t\t\t\t<\/div>\n\t\t\t\t<\/div>\n\t\t\t\t\t<\/div>\n\t\t\t\t<\/div>\n\t\t<div class=\"elementor-element elementor-element-5238b21 e-flex e-con-boxed e-con e-child\" data-id=\"5238b21\" data-element_type=\"container\" data-e-type=\"container\">\n\t\t\t\t\t<div class=\"e-con-inner\">\n\t\t\t\t<div class=\"elementor-element elementor-element-6c01301 elementor-widget elementor-widget-image\" data-id=\"6c01301\" data-element_type=\"widget\" data-e-type=\"widget\" data-widget_type=\"image.default\">\n\t\t\t\t<div class=\"elementor-widget-container\">\n\t\t\t\t\t\t\t\t\t\t\t\t\t\t\t<img decoding=\"async\" width=\"800\" height=\"533\" src=\"https:\/\/www.xiangxiangdaily.com\/wp-content\/uploads\/2023\/12\/Viscosity.webp\" class=\"attachment-large size-large wp-image-98998\" alt=\"Viscosity\" \/>\t\t\t\t\t\t\t\t\t\t\t\t\t\t\t<\/div>\n\t\t\t\t<\/div>\n\t\t\t\t\t<\/div>\n\t\t\t\t<\/div>\n\t\t\t\t\t<\/div>\n\t\t\t\t<\/div>\n\t\t<div class=\"elementor-element elementor-element-a894703 e-flex e-con-boxed e-con e-child\" data-id=\"a894703\" data-element_type=\"container\" data-e-type=\"container\">\n\t\t\t\t\t<div class=\"e-con-inner\">\n\t\t<div class=\"elementor-element elementor-element-eed4df8 e-flex e-con-boxed e-con e-child\" data-id=\"eed4df8\" data-element_type=\"container\" data-e-type=\"container\">\n\t\t\t\t\t<div class=\"e-con-inner\">\n\t\t\t\t<div class=\"elementor-element elementor-element-4b7eb72 elementor-widget elementor-widget-heading\" data-id=\"4b7eb72\" data-element_type=\"widget\" data-e-type=\"widget\" data-widget_type=\"heading.default\">\n\t\t\t\t<div class=\"elementor-widget-container\">\n\t\t\t\t\t<h2 class=\"elementor-heading-title elementor-size-default\">Estabilidade<\/h2>\t\t\t\t<\/div>\n\t\t\t\t<\/div>\n\t\t\t\t<div class=\"elementor-element elementor-element-c8a82cd elementor-widget elementor-widget-heading\" data-id=\"c8a82cd\" data-element_type=\"widget\" data-e-type=\"widget\" data-widget_type=\"heading.default\">\n\t\t\t\t<div class=\"elementor-widget-container\">\n\t\t\t\t\t<p class=\"elementor-heading-title elementor-size-default\">A estabilidade do produto \u00e9 outro aspeto crucial da sua qualidade. A estabilidade do produto \u00e9 verificada submetendo-o a v\u00e1rias condi\u00e7\u00f5es, como temperaturas altas e baixas, humidade e exposi\u00e7\u00e3o \u00e0 luz, para garantir que mant\u00e9m a sua integridade. Os testes de estabilidade s\u00e3o efectuados para garantir que o produto mant\u00e9m a sua efic\u00e1cia e seguran\u00e7a ao longo do tempo.  <\/p>\t\t\t\t<\/div>\n\t\t\t\t<\/div>\n\t\t\t\t\t<\/div>\n\t\t\t\t<\/div>\n\t\t<div class=\"elementor-element elementor-element-aedd845 e-flex e-con-boxed e-con e-child\" data-id=\"aedd845\" data-element_type=\"container\" data-e-type=\"container\">\n\t\t\t\t\t<div class=\"e-con-inner\">\n\t\t\t\t<div class=\"elementor-element elementor-element-a03b478 elementor-widget elementor-widget-image\" data-id=\"a03b478\" data-element_type=\"widget\" data-e-type=\"widget\" data-widget_type=\"image.default\">\n\t\t\t\t<div class=\"elementor-widget-container\">\n\t\t\t\t\t\t\t\t\t\t\t\t\t\t\t<img decoding=\"async\" width=\"800\" height=\"533\" src=\"https:\/\/www.xiangxiangdaily.com\/wp-content\/uploads\/2023\/12\/Stability.webp\" class=\"attachment-large size-large wp-image-98990\" alt=\"Stability\" \/>\t\t\t\t\t\t\t\t\t\t\t\t\t\t\t<\/div>\n\t\t\t\t<\/div>\n\t\t\t\t\t<\/div>\n\t\t\t\t<\/div>\n\t\t\t\t\t<\/div>\n\t\t\t\t<\/div>\n\t\t<div class=\"elementor-element elementor-element-ef45a5e e-flex e-con-boxed e-con e-child\" data-id=\"ef45a5e\" data-element_type=\"container\" data-e-type=\"container\">\n\t\t\t\t\t<div class=\"e-con-inner\">\n\t\t<div class=\"elementor-element elementor-element-669a086 e-flex e-con-boxed e-con e-child\" data-id=\"669a086\" data-element_type=\"container\" data-e-type=\"container\">\n\t\t\t\t\t<div class=\"e-con-inner\">\n\t\t\t\t<div class=\"elementor-element elementor-element-f6259ef elementor-widget elementor-widget-heading\" data-id=\"f6259ef\" data-element_type=\"widget\" data-e-type=\"widget\" data-widget_type=\"heading.default\">\n\t\t\t\t<div class=\"elementor-widget-container\">\n\t\t\t\t\t<h2 class=\"elementor-heading-title elementor-size-default\">Conte\u00fado microbiano<\/h2>\t\t\t\t<\/div>\n\t\t\t\t<\/div>\n\t\t\t\t<div class=\"elementor-element elementor-element-bb572e5 elementor-widget elementor-widget-heading\" data-id=\"bb572e5\" data-element_type=\"widget\" data-e-type=\"widget\" data-widget_type=\"heading.default\">\n\t\t\t\t<div class=\"elementor-widget-container\">\n\t\t\t\t\t<p class=\"elementor-heading-title elementor-size-default\">A presen\u00e7a de contamina\u00e7\u00e3o microbiana no produto pode representar um risco para a sa\u00fade do utilizador. Por conseguinte, o produto \u00e9 testado quanto ao seu conte\u00fado microbiano para garantir que \u00e9 seguro para utiliza\u00e7\u00e3o e n\u00e3o provoca quaisquer reac\u00e7\u00f5es adversas. Os testes microbianos s\u00e3o normalmente realizados em diferentes fases do processo de fabrico, incluindo mat\u00e9rias-primas, amostras em processo e o produto final.  <\/p>\t\t\t\t<\/div>\n\t\t\t\t<\/div>\n\t\t\t\t\t<\/div>\n\t\t\t\t<\/div>\n\t\t<div class=\"elementor-element elementor-element-d2b9bb3 e-flex e-con-boxed e-con e-child\" data-id=\"d2b9bb3\" data-element_type=\"container\" data-e-type=\"container\">\n\t\t\t\t\t<div class=\"e-con-inner\">\n\t\t\t\t<div class=\"elementor-element elementor-element-a89f218 elementor-widget elementor-widget-image\" data-id=\"a89f218\" data-element_type=\"widget\" data-e-type=\"widget\" data-widget_type=\"image.default\">\n\t\t\t\t<div class=\"elementor-widget-container\">\n\t\t\t\t\t\t\t\t\t\t\t\t\t\t\t<img loading=\"lazy\" decoding=\"async\" width=\"800\" height=\"533\" src=\"https:\/\/www.xiangxiangdaily.com\/wp-content\/uploads\/2023\/12\/Microbial-content.webp\" class=\"attachment-large size-large wp-image-98974\" alt=\"Microbial content\" \/>\t\t\t\t\t\t\t\t\t\t\t\t\t\t\t<\/div>\n\t\t\t\t<\/div>\n\t\t\t\t\t<\/div>\n\t\t\t\t<\/div>\n\t\t\t\t\t<\/div>\n\t\t\t\t<\/div>\n\t\t<div class=\"elementor-element elementor-element-dc517d8 e-flex e-con-boxed e-con e-child\" data-id=\"dc517d8\" data-element_type=\"container\" data-e-type=\"container\">\n\t\t\t\t\t<div class=\"e-con-inner\">\n\t\t<div class=\"elementor-element elementor-element-935ecff e-flex e-con-boxed e-con e-child\" data-id=\"935ecff\" data-element_type=\"container\" data-e-type=\"container\">\n\t\t\t\t\t<div class=\"e-con-inner\">\n\t\t\t\t<div class=\"elementor-element elementor-element-cd8b6d0 elementor-widget elementor-widget-heading\" data-id=\"cd8b6d0\" data-element_type=\"widget\" data-e-type=\"widget\" data-widget_type=\"heading.default\">\n\t\t\t\t<div class=\"elementor-widget-container\">\n\t\t\t\t\t<h2 class=\"elementor-heading-title elementor-size-default\">Apar\u00eancia<\/h2>\t\t\t\t<\/div>\n\t\t\t\t<\/div>\n\t\t\t\t<div class=\"elementor-element elementor-element-9f76bb8 elementor-widget elementor-widget-heading\" data-id=\"9f76bb8\" data-element_type=\"widget\" data-e-type=\"widget\" data-widget_type=\"heading.default\">\n\t\t\t\t<div class=\"elementor-widget-container\">\n\t\t\t\t\t<p class=\"elementor-heading-title elementor-size-default\">O aspeto geral do produto \u00e9 inspeccionado para garantir que \u00e9 visualmente apelativo e que cumpre as normas de qualidade desejadas. A cor, a clareza e a uniformidade do produto s\u00e3o examinadas para garantir que cumprem os requisitos especificados. <\/p>\t\t\t\t<\/div>\n\t\t\t\t<\/div>\n\t\t\t\t\t<\/div>\n\t\t\t\t<\/div>\n\t\t<div class=\"elementor-element elementor-element-946cd18 e-flex e-con-boxed e-con e-child\" data-id=\"946cd18\" data-element_type=\"container\" data-e-type=\"container\">\n\t\t\t\t\t<div class=\"e-con-inner\">\n\t\t\t\t<div class=\"elementor-element elementor-element-34b2847 elementor-widget elementor-widget-image\" data-id=\"34b2847\" data-element_type=\"widget\" data-e-type=\"widget\" data-widget_type=\"image.default\">\n\t\t\t\t<div class=\"elementor-widget-container\">\n\t\t\t\t\t\t\t\t\t\t\t\t\t\t\t<img loading=\"lazy\" decoding=\"async\" width=\"800\" height=\"533\" src=\"https:\/\/www.xiangxiangdaily.com\/wp-content\/uploads\/2023\/12\/Appearance.webp\" class=\"attachment-large size-large wp-image-98966\" alt=\"Appearance\" \/>\t\t\t\t\t\t\t\t\t\t\t\t\t\t\t<\/div>\n\t\t\t\t<\/div>\n\t\t\t\t\t<\/div>\n\t\t\t\t<\/div>\n\t\t\t\t\t<\/div>\n\t\t\t\t<\/div>\n\t\t\t\t<div class=\"elementor-element elementor-element-909e26c elementor-widget elementor-widget-heading\" data-id=\"909e26c\" data-element_type=\"widget\" data-e-type=\"widget\" data-widget_type=\"heading.default\">\n\t\t\t\t<div class=\"elementor-widget-container\">\n\t\t\t\t\t<p class=\"elementor-heading-title elementor-size-default\">Para al\u00e9m dos testes acima referidos, podem ser realizados outros testes espec\u00edficos com base nos ingredientes do produto e na utiliza\u00e7\u00e3o pretendida. Em geral, o processo de controlo de qualidade numa f\u00e1brica de cosm\u00e9ticos \u00e9 um processo meticuloso e abrangente que garante que o produto final cumpre todos os padr\u00f5es de qualidade desejados. <\/p>\t\t\t\t<\/div>\n\t\t\t\t<\/div>\n\t\t\t\t\t<\/div>\n\t\t\t\t<\/div>\n\t\t<div class=\"elementor-element elementor-element-ebbe682 e-flex e-con-boxed e-con e-parent\" data-id=\"ebbe682\" data-element_type=\"container\" data-e-type=\"container\">\n\t\t\t\t\t<div class=\"e-con-inner\">\n\t\t\t\t<div class=\"elementor-element elementor-element-c42b4e6 elementor-widget elementor-widget-heading\" data-id=\"c42b4e6\" data-element_type=\"widget\" data-e-type=\"widget\" data-widget_type=\"heading.default\">\n\t\t\t\t<div class=\"elementor-widget-container\">\n\t\t\t\t\t<h2 class=\"elementor-heading-title elementor-size-default\">A colabora\u00e7\u00e3o em equipa \u00e9 fundamental para uma prote\u00e7\u00e3o de qualidade<\/h2>\t\t\t\t<\/div>\n\t\t\t\t<\/div>\n\t\t\t\t<div class=\"elementor-element elementor-element-fc5e5c6 elementor-widget elementor-widget-heading\" data-id=\"fc5e5c6\" data-element_type=\"widget\" data-e-type=\"widget\" data-widget_type=\"heading.default\">\n\t\t\t\t<div class=\"elementor-widget-container\">\n\t\t\t\t\t<p class=\"elementor-heading-title elementor-size-default\">A produ\u00e7\u00e3o de cosm\u00e9ticos de qualidade \u00e9 um esfor\u00e7o de colabora\u00e7\u00e3o que requer o apoio conjunto dos operadores de linha, das equipas de limpeza e de mudan\u00e7a e da gest\u00e3o do fabrico\/embalagem. As nossas tecnologias de inspe\u00e7\u00e3o fornecem leituras de dados precisas e s\u00e3o complementadas pelos sentidos apurados dos nossos inspectores, permitindo-nos cumprir as suas especifica\u00e7\u00f5es com a m\u00e1xima fidelidade. <\/p>\t\t\t\t<\/div>\n\t\t\t\t<\/div>\n\t\t<div class=\"elementor-element elementor-element-283a02e e-flex e-con-boxed e-con e-child\" data-id=\"283a02e\" data-element_type=\"container\" data-e-type=\"container\">\n\t\t\t\t\t<div class=\"e-con-inner\">\n\t\t\t\t<div class=\"elementor-element elementor-element-456a05f elementor-widget elementor-widget-image\" data-id=\"456a05f\" data-element_type=\"widget\" data-e-type=\"widget\" data-widget_type=\"image.default\">\n\t\t\t\t<div class=\"elementor-widget-container\">\n\t\t\t\t\t\t\t\t\t\t\t\t\t\t\t<img loading=\"lazy\" decoding=\"async\" width=\"580\" height=\"450\" src=\"https:\/\/www.xiangxiangdaily.com\/wp-content\/uploads\/2023\/12\/Production-Workshop\uff081\uff09.webp\" class=\"attachment-large size-large wp-image-99014\" alt=\"Production Workshop\uff082\uff09\" \/>\t\t\t\t\t\t\t\t\t\t\t\t\t\t\t<\/div>\n\t\t\t\t<\/div>\n\t\t\t\t<div class=\"elementor-element elementor-element-b6c61aa elementor-widget elementor-widget-image\" data-id=\"b6c61aa\" data-element_type=\"widget\" data-e-type=\"widget\" data-widget_type=\"image.default\">\n\t\t\t\t<div class=\"elementor-widget-container\">\n\t\t\t\t\t\t\t\t\t\t\t\t\t\t\t<img loading=\"lazy\" decoding=\"async\" width=\"580\" height=\"450\" src=\"https:\/\/www.xiangxiangdaily.com\/wp-content\/uploads\/2023\/12\/shipping-service-1.webp\" class=\"attachment-large size-large wp-image-99022\" alt=\"shipping service\uff082\uff09\" \/>\t\t\t\t\t\t\t\t\t\t\t\t\t\t\t<\/div>\n\t\t\t\t<\/div>\n\t\t\t\t<div class=\"elementor-element elementor-element-ab35251 elementor-widget elementor-widget-image\" data-id=\"ab35251\" data-element_type=\"widget\" data-e-type=\"widget\" data-widget_type=\"image.default\">\n\t\t\t\t<div class=\"elementor-widget-container\">\n\t\t\t\t\t\t\t\t\t\t\t\t\t\t\t<img loading=\"lazy\" decoding=\"async\" width=\"580\" height=\"450\" src=\"https:\/\/www.xiangxiangdaily.com\/wp-content\/uploads\/2023\/12\/Inventory-Management-1.webp\" class=\"attachment-large size-large wp-image-99006\" alt=\"Inventory Management\uff082\uff09\" \/>\t\t\t\t\t\t\t\t\t\t\t\t\t\t\t<\/div>\n\t\t\t\t<\/div>\n\t\t\t\t\t<\/div>\n\t\t\t\t<\/div>\n\t\t\t\t\t<\/div>\n\t\t\t\t<\/div>\n\t\t\t\t<\/div>\n\t\t","protected":false},"excerpt":{"rendered":"<p>Controlo de qualidade Obt\u00e9m uma vantagem sobre a concorr\u00eancia atrav\u00e9s da implementa\u00e7\u00e3o de pr\u00e1ticas de gest\u00e3o da qualidade. Home Os pormenores da beleza s\u00e3o o que verdadeiramente a distingue Na Xiangxiang, orgulhamo-nos da nossa experi\u00eancia no fabrico\u00c9 por isso que temos um departamento dedicado ao controlo de qualidade para garantir a qualidade superior dos nossos [&hellip;]<\/p>\n","protected":false},"author":1,"featured_media":36068,"parent":0,"menu_order":0,"comment_status":"closed","ping_status":"closed","template":"","meta":{"_acf_changed":false,"footnotes":""},"class_list":["post-36064","page","type-page","status-publish","has-post-thumbnail","hentry"],"acf":[],"_links":{"self":[{"href":"https:\/\/www.xiangxiangdaily.com\/pt-pt\/wp-json\/wp\/v2\/pages\/36064","targetHints":{"allow":["GET"]}}],"collection":[{"href":"https:\/\/www.xiangxiangdaily.com\/pt-pt\/wp-json\/wp\/v2\/pages"}],"about":[{"href":"https:\/\/www.xiangxiangdaily.com\/pt-pt\/wp-json\/wp\/v2\/types\/page"}],"author":[{"embeddable":true,"href":"https:\/\/www.xiangxiangdaily.com\/pt-pt\/wp-json\/wp\/v2\/users\/1"}],"replies":[{"embeddable":true,"href":"https:\/\/www.xiangxiangdaily.com\/pt-pt\/wp-json\/wp\/v2\/comments?post=36064"}],"version-history":[{"count":0,"href":"https:\/\/www.xiangxiangdaily.com\/pt-pt\/wp-json\/wp\/v2\/pages\/36064\/revisions"}],"wp:featuredmedia":[{"embeddable":true,"href":"https:\/\/www.xiangxiangdaily.com\/pt-pt\/wp-json\/wp\/v2\/media\/36068"}],"wp:attachment":[{"href":"https:\/\/www.xiangxiangdaily.com\/pt-pt\/wp-json\/wp\/v2\/media?parent=36064"}],"curies":[{"name":"wp","href":"https:\/\/api.w.org\/{rel}","templated":true}]}}