{"id":26216,"date":"2022-07-24T11:50:43","date_gmt":"2022-07-24T03:50:43","guid":{"rendered":"https:\/\/www.xiangxiangdaily.com\/dich-vu\/"},"modified":"2026-02-28T17:23:59","modified_gmt":"2026-02-28T09:23:59","slug":"dich-vu","status":"publish","type":"page","link":"https:\/\/www.xiangxiangdaily.com\/vi\/dich-vu\/","title":{"rendered":"D\u1ecbch v\u1ee5"},"content":{"rendered":"\t\t<div data-elementor-type=\"wp-page\" data-elementor-id=\"26216\" class=\"elementor elementor-26216 elementor-751\" data-elementor-post-type=\"page\">\n\t\t\t\t<div class=\"elementor-element elementor-element-2041c355 e-flex e-con-boxed e-con e-parent\" data-id=\"2041c355\" data-element_type=\"container\" data-e-type=\"container\" data-settings=\"{&quot;background_background&quot;:&quot;classic&quot;}\">\n\t\t\t\t\t<div class=\"e-con-inner\">\n\t\t\t\t<div class=\"elementor-element elementor-element-784b54c0 elementor-widget elementor-widget-heading\" data-id=\"784b54c0\" data-element_type=\"widget\" data-e-type=\"widget\" data-widget_type=\"heading.default\">\n\t\t\t\t<div class=\"elementor-widget-container\">\n\t\t\t\t\t<h1 class=\"elementor-heading-title elementor-size-default\">Chu\u1ed7i cung \u1ee9ng h\u1ee3p l\u00fd:<\/br> D\u1ecbch v\u1ee5 to\u00e0n di\u1ec7n<\/h1>\t\t\t\t<\/div>\n\t\t\t\t<\/div>\n\t\t\t\t<div class=\"elementor-element elementor-element-5d354759 elementor-widget elementor-widget-heading\" data-id=\"5d354759\" data-element_type=\"widget\" data-e-type=\"widget\" data-widget_type=\"heading.default\">\n\t\t\t\t<div class=\"elementor-widget-container\">\n\t\t\t\t\t<p class=\"elementor-heading-title elementor-size-default\">Ch\u00fang t\u00f4i l\u00e0 m\u1ed9t trong nh\u1eefng nh\u00e0 cung c\u1ea5p d\u1ecbch v\u1ee5 s\u1ea3n xu\u1ea5t, ph\u00e2n ph\u1ed1i v\u00e0 t\u0103ng thu nh\u1eadp t\u1ed1t nh\u1ea5t.<\/p>\t\t\t\t<\/div>\n\t\t\t\t<\/div>\n\t\t\t\t\t<\/div>\n\t\t\t\t<\/div>\n\t\t<div class=\"elementor-element elementor-element-e14c6d6 e-flex e-con-boxed e-con e-parent\" data-id=\"e14c6d6\" data-element_type=\"container\" data-e-type=\"container\" data-settings=\"{&quot;background_background&quot;:&quot;classic&quot;}\">\n\t\t\t\t\t<div class=\"e-con-inner\">\n\t\t\t\t<div class=\"elementor-element elementor-element-41f743e elementor-widget elementor-widget-breadcrumbs\" data-id=\"41f743e\" data-element_type=\"widget\" data-e-type=\"widget\" data-widget_type=\"breadcrumbs.default\">\n\t\t\t\t<div class=\"elementor-widget-container\">\n\t\t\t\t\t<nav><span class=\"last\">Trang ch\u1ee7<\/span><\/nav>\t\t\t\t<\/div>\n\t\t\t\t<\/div>\n\t\t\t\t\t<\/div>\n\t\t\t\t<\/div>\n\t\t<div class=\"elementor-element elementor-element-a5b128f e-flex e-con-boxed e-con e-parent\" data-id=\"a5b128f\" data-element_type=\"container\" data-e-type=\"container\">\n\t\t\t\t\t<div class=\"e-con-inner\">\n\t\t<div class=\"elementor-element elementor-element-b9aa2b5 e-con-full e-flex e-con e-child\" data-id=\"b9aa2b5\" data-element_type=\"container\" data-e-type=\"container\">\n\t\t\t\t<div class=\"elementor-element elementor-element-33a6232 elementor-widget elementor-widget-heading\" data-id=\"33a6232\" data-element_type=\"widget\" data-e-type=\"widget\" data-widget_type=\"heading.default\">\n\t\t\t\t<div class=\"elementor-widget-container\">\n\t\t\t\t\t<h2 class=\"elementor-heading-title elementor-size-default\">B\u00ean c\u1ea1nh b\u1ea1n t\u1eeb khi h\u00ecnh th\u00e0nh \u00fd t\u01b0\u1edfng \u0111\u1ebfn khi v\u1eadn chuy\u1ec3n<\/h2>\t\t\t\t<\/div>\n\t\t\t\t<\/div>\n\t\t\t\t<div class=\"elementor-element elementor-element-e2e7828 elementor-widget-divider--view-line elementor-widget elementor-widget-divider\" data-id=\"e2e7828\" data-element_type=\"widget\" data-e-type=\"widget\" data-widget_type=\"divider.default\">\n\t\t\t\t<div class=\"elementor-widget-container\">\n\t\t\t\t\t\t\t<div class=\"elementor-divider\">\n\t\t\t<span class=\"elementor-divider-separator\">\n\t\t\t\t\t\t<\/span>\n\t\t<\/div>\n\t\t\t\t\t\t<\/div>\n\t\t\t\t<\/div>\n\t\t\t\t<\/div>\n\t\t<div class=\"elementor-element elementor-element-bf89cb4 e-con-full e-flex e-con e-child\" data-id=\"bf89cb4\" data-element_type=\"container\" data-e-type=\"container\">\n\t\t\t\t<div class=\"elementor-element elementor-element-8b0f587 elementor-widget elementor-widget-heading\" data-id=\"8b0f587\" data-element_type=\"widget\" data-e-type=\"widget\" data-widget_type=\"heading.default\">\n\t\t\t\t<div class=\"elementor-widget-container\">\n\t\t\t\t\t<p class=\"elementor-heading-title elementor-size-default\">\u0110\u1ed9i ng\u0169 k\u1ef9 thu\u1eadt v\u00e0 c\u00f4ng nghi\u1ec7p c\u1ee7a ch\u00fang t\u00f4i cung c\u1ea5p \u0111\u1ed9i ng\u0169 chuy\u00ean gia gi\u00e0u kinh nghi\u1ec7m \u0111\u1ec3 h\u1ed7 tr\u1ee3 b\u1ea1n x\u00e1c \u0111\u1ecbnh d\u1ef1 \u00e1n m\u1ef9 ph\u1ea9m c\u1ee7a m\u00ecnh v\u00e0 \u0111\u1ea3m b\u1ea3o t\u00ednh t\u01b0\u01a1ng th\u00edch ho\u00e0n h\u1ea3o gi\u1eefa s\u1ea3n ph\u1ea9m c\u1ee7a ch\u00fang t\u00f4i v\u00e0 \u00fd t\u01b0\u1edfng c\u1ee7a b\u1ea1n, \u0111\u1ea3m b\u1ea3o th\u00e0nh c\u00f4ng chung c\u1ee7a ch\u00fang ta.\u200b<\/p>\t\t\t\t<\/div>\n\t\t\t\t<\/div>\n\t\t\t\t<div class=\"elementor-element elementor-element-9c89bef elementor-widget elementor-widget-text-editor\" data-id=\"9c89bef\" data-element_type=\"widget\" data-e-type=\"widget\" data-widget_type=\"text-editor.default\">\n\t\t\t\t<div class=\"elementor-widget-container\">\n\t\t\t\t\t\t\t\t\t<p>Ch\u00fang t\u00f4i cung c\u1ea5p d\u1ecbch v\u1ee5 tr\u1ecdn g\u00f3i, \u0111\u01b0\u1ee3c h\u1ed7 tr\u1ee3 b\u1edfi c\u00e1c chuy\u00ean gia m\u1ef9 ph\u1ea9m v\u00e0 h\u01a1n 30 n\u0103m nghi\u00ean c\u1ee9u trong ng\u00e0nh <span style=\"text-decoration: underline;\"><span style=\"color: #ff99cc;\"><a style=\"color: #ff99cc; text-decoration: underline;\" href=\"https:\/\/www.pinterest.com\/xiangxaingdaily\/\" target=\"_blank\" rel=\"noopener\">ch\u0103m s\u00f3c c\u00e1 nh\u00e2n<\/a><\/span><\/span> .<\/p>\t\t\t\t\t\t\t\t<\/div>\n\t\t\t\t<\/div>\n\t\t\t\t<div class=\"elementor-element elementor-element-6d7a8e9 elementor-widget elementor-widget-heading\" data-id=\"6d7a8e9\" data-element_type=\"widget\" data-e-type=\"widget\" data-widget_type=\"heading.default\">\n\t\t\t\t<div class=\"elementor-widget-container\">\n\t\t\t\t\t<p class=\"elementor-heading-title elementor-size-default\">M\u1ed7i d\u1ecbch v\u1ee5 \u0111\u1ec1u \u0111\u01b0\u1ee3c thi\u1ebft k\u1ebf ri\u00eang v\u00e0 b\u1ea1n s\u1ebd \u0111\u01b0\u1ee3c h\u1ed7 tr\u1ee3 chu \u0111\u00e1o trong t\u1eebng giai \u0111o\u1ea1n c\u1ee7a quy tr\u00ecnh, t\u1eeb kh\u00e2u thi\u1ebft k\u1ebf s\u1ea3n ph\u1ea9m ban \u0111\u1ea7u cho \u0111\u1ebfn <a href=\"https:\/\/www.xiangxiangdaily.com\/vi\/dich-vu-sau-ban-hang\/\" title=\"D\u1ecbch v\u1ee5 sau b\u00e1n h\u00e0ng\" target=\"_blank\" rel=\"noopener\" class=\"link-whisper\" data-wpil-monitor-id=\"2\">c\u00e1c d\u1ecbch v\u1ee5 sau b\u00e1n h\u00e0ng<\/a> \u0111\u01b0\u1ee3c Xiangxiang thi\u1ebft l\u1eadp \u0111\u1ec3 cung c\u1ea5p ph\u1ea3n h\u1ed3i ch\u1ea5t l\u01b0\u1ee3ng.<\/p>\t\t\t\t<\/div>\n\t\t\t\t<\/div>\n\t\t\t\t<\/div>\n\t\t\t\t\t<\/div>\n\t\t\t\t<\/div>\n\t\t<div class=\"elementor-element elementor-element-0489729 e-flex e-con-boxed e-con e-parent\" data-id=\"0489729\" data-element_type=\"container\" data-e-type=\"container\">\n\t\t\t\t\t<div class=\"e-con-inner\">\n\t\t<a class=\"elementor-element elementor-element-191c3a2 e-con-full e-flex e-con e-child\" data-id=\"191c3a2\" data-element_type=\"container\" data-e-type=\"container\" href=\"https:\/\/www.xiangxiangdaily.com\/vi\/nghien-cuu-phat-trien\/\">\n\t\t\t\t<div class=\"elementor-element elementor-element-37232d6 elementor-widget elementor-widget-image\" data-id=\"37232d6\" data-element_type=\"widget\" data-e-type=\"widget\" data-widget_type=\"image.default\">\n\t\t\t\t<div class=\"elementor-widget-container\">\n\t\t\t\t\t\t\t\t\t\t\t\t\t\t\t<img fetchpriority=\"high\" decoding=\"async\" width=\"500\" height=\"333\" src=\"https:\/\/www.xiangxiangdaily.com\/wp-content\/uploads\/2023\/12\/Research-Development0.webp\" class=\"attachment-large size-large wp-image-26114\" alt=\"\" srcset=\"https:\/\/www.xiangxiangdaily.com\/wp-content\/uploads\/2023\/12\/Research-Development0.webp 500w, https:\/\/www.xiangxiangdaily.com\/wp-content\/uploads\/2023\/12\/Research-Development0-300x200.webp 300w\" sizes=\"(max-width: 500px) 100vw, 500px\" \/>\t\t\t\t\t\t\t\t\t\t\t\t\t\t\t<\/div>\n\t\t\t\t<\/div>\n\t\t\t\t<div class=\"elementor-element elementor-element-d64fa3b elementor-widget elementor-widget-heading\" data-id=\"d64fa3b\" data-element_type=\"widget\" data-e-type=\"widget\" data-widget_type=\"heading.default\">\n\t\t\t\t<div class=\"elementor-widget-container\">\n\t\t\t\t\t<h4 class=\"elementor-heading-title elementor-size-default\">Nghi\u00ean c\u1ee9u &amp; Ph\u00e1t tri\u1ec3n<\/h4>\t\t\t\t<\/div>\n\t\t\t\t<\/div>\n\t\t\t\t<div class=\"elementor-element elementor-element-e5500eb elementor-widget elementor-widget-heading\" data-id=\"e5500eb\" data-element_type=\"widget\" data-e-type=\"widget\" data-widget_type=\"heading.default\">\n\t\t\t\t<div class=\"elementor-widget-container\">\n\t\t\t\t\t<p class=\"elementor-heading-title elementor-size-default\">Ch\u00fang t\u00f4i t\u1ea1o ra bao b\u00ec ph\u00f9 h\u1ee3p nh\u1ea5t v\u1edbi s\u1ea3n ph\u1ea9m, th\u1ecb tr\u01b0\u1eddng v\u00e0 kh\u00e1ch h\u00e0ng c\u1ee7a b\u1ea1n.<\/p>\t\t\t\t<\/div>\n\t\t\t\t<\/div>\n\t\t\t\t<\/a>\n\t\t<a class=\"elementor-element elementor-element-db1d02f e-con-full e-flex e-con e-child\" data-id=\"db1d02f\" data-element_type=\"container\" data-e-type=\"container\" href=\"https:\/\/www.xiangxiangdaily.com\/vi\/dich-vu-oemodm\/\">\n\t\t\t\t<div class=\"elementor-element elementor-element-ca8e5a4 elementor-widget elementor-widget-image\" data-id=\"ca8e5a4\" data-element_type=\"widget\" data-e-type=\"widget\" data-widget_type=\"image.default\">\n\t\t\t\t<div class=\"elementor-widget-container\">\n\t\t\t\t\t\t\t\t\t\t\t\t\t\t\t<img decoding=\"async\" width=\"500\" height=\"333\" src=\"https:\/\/www.xiangxiangdaily.com\/wp-content\/uploads\/2023\/12\/OEM-ODM0.webp\" class=\"attachment-large size-large wp-image-99216\" alt=\"OEM &amp; ODM(0)\" srcset=\"https:\/\/www.xiangxiangdaily.com\/wp-content\/uploads\/2023\/12\/OEM-ODM0.webp 500w, https:\/\/www.xiangxiangdaily.com\/wp-content\/uploads\/2023\/12\/OEM-ODM0-300x200.webp 300w\" sizes=\"(max-width: 500px) 100vw, 500px\" \/>\t\t\t\t\t\t\t\t\t\t\t\t\t\t\t<\/div>\n\t\t\t\t<\/div>\n\t\t\t\t<div class=\"elementor-element elementor-element-dc81454 elementor-widget elementor-widget-heading\" data-id=\"dc81454\" data-element_type=\"widget\" data-e-type=\"widget\" data-widget_type=\"heading.default\">\n\t\t\t\t<div class=\"elementor-widget-container\">\n\t\t\t\t\t<h4 class=\"elementor-heading-title elementor-size-default\">OEM v\u00e0 ODM<\/h4>\t\t\t\t<\/div>\n\t\t\t\t<\/div>\n\t\t\t\t<div class=\"elementor-element elementor-element-a54dd24 elementor-widget elementor-widget-heading\" data-id=\"a54dd24\" data-element_type=\"widget\" data-e-type=\"widget\" data-widget_type=\"heading.default\">\n\t\t\t\t<div class=\"elementor-widget-container\">\n\t\t\t\t\t<p class=\"elementor-heading-title elementor-size-default\">V\u1edbi thi\u1ebft k\u1ebf c\u1ee7a b\u1ea1n ho\u1eb7c v\u1edbi s\u1ef1 tr\u1ee3 gi\u00fap c\u1ee7a \u0111\u1ed9i ng\u0169 \u0111\u1ed3 h\u1ecda v\u00e0 x\u00e2y d\u1ef1ng th\u01b0\u01a1ng hi\u1ec7u, ch\u00fang t\u00f4i s\u1ebd trang tr\u00ed v\u00e0 d\u00e1n nh\u00e3n bao b\u00ec c\u1ee7a b\u1ea1n \u0111\u1ec3 c\u00f3 m\u1ed9t s\u1ea3n ph\u1ea9m th\u1ef1c s\u1ef1 \u0111\u1eb7c bi\u1ec7t.<\/p>\t\t\t\t<\/div>\n\t\t\t\t<\/div>\n\t\t\t\t<\/a>\n\t\t\t\t\t<\/div>\n\t\t\t\t<\/div>\n\t\t<div class=\"elementor-element elementor-element-d86938d e-flex e-con-boxed e-con e-parent\" data-id=\"d86938d\" data-element_type=\"container\" data-e-type=\"container\">\n\t\t\t\t\t<div class=\"e-con-inner\">\n\t\t<a class=\"elementor-element elementor-element-2807bb9 e-con-full e-flex e-con e-child\" data-id=\"2807bb9\" data-element_type=\"container\" data-e-type=\"container\" href=\"https:\/\/www.xiangxiangdaily.com\/manufacturing\/\">\n\t\t\t\t<div class=\"elementor-element elementor-element-d7d1dbb elementor-widget elementor-widget-image\" data-id=\"d7d1dbb\" data-element_type=\"widget\" data-e-type=\"widget\" data-widget_type=\"image.default\">\n\t\t\t\t<div class=\"elementor-widget-container\">\n\t\t\t\t\t\t\t\t\t\t\t\t\t\t\t<img decoding=\"async\" width=\"500\" height=\"333\" src=\"https:\/\/www.xiangxiangdaily.com\/wp-content\/uploads\/2023\/12\/Cosmetics-Manufacturing0.webp\" class=\"attachment-large size-large wp-image-99208\" alt=\"Cosmetics Manufacturing(0)\" \/>\t\t\t\t\t\t\t\t\t\t\t\t\t\t\t<\/div>\n\t\t\t\t<\/div>\n\t\t\t\t<div class=\"elementor-element elementor-element-39649e4 elementor-widget elementor-widget-heading\" data-id=\"39649e4\" data-element_type=\"widget\" data-e-type=\"widget\" data-widget_type=\"heading.default\">\n\t\t\t\t<div class=\"elementor-widget-container\">\n\t\t\t\t\t<h4 class=\"elementor-heading-title elementor-size-default\">S\u1ea3n xu\u1ea5t m\u1ef9 ph\u1ea9m<\/h4>\t\t\t\t<\/div>\n\t\t\t\t<\/div>\n\t\t\t\t<div class=\"elementor-element elementor-element-36b284d elementor-widget elementor-widget-heading\" data-id=\"36b284d\" data-element_type=\"widget\" data-e-type=\"widget\" data-widget_type=\"heading.default\">\n\t\t\t\t<div class=\"elementor-widget-container\">\n\t\t\t\t\t<p class=\"elementor-heading-title elementor-size-default\">T\u1eeb m\u00e1y m\u00f3c c\u1ea5p ph\u00e9p \u0111\u1ebfn s\u1ea3n xu\u1ea5t m\u1ef9 ph\u1ea9m, t\u1eeb c\u00f4ng ngh\u1ec7 ki\u1ec3m tra th\u1ee7 c\u00f4ng \u0111\u1ebfn t\u1ef1 \u0111\u1ed9ng, ch\u00fang t\u00f4i \u0111\u1ec1u \u0111\u00e1p \u1ee9ng \u0111\u01b0\u1ee3c nhu c\u1ea7u c\u1ee7a b\u1ea1n.<\/p>\t\t\t\t<\/div>\n\t\t\t\t<\/div>\n\t\t\t\t<\/a>\n\t\t<a class=\"elementor-element elementor-element-121753f e-con-full e-flex e-con e-child\" data-id=\"121753f\" data-element_type=\"container\" data-e-type=\"container\" href=\"https:\/\/www.xiangxiangdaily.com\/vi\/chat-luong\/\">\n\t\t\t\t<div class=\"elementor-element elementor-element-4057b17 elementor-widget elementor-widget-image\" data-id=\"4057b17\" data-element_type=\"widget\" data-e-type=\"widget\" data-widget_type=\"image.default\">\n\t\t\t\t<div class=\"elementor-widget-container\">\n\t\t\t\t\t\t\t\t\t\t\t\t\t\t\t<img loading=\"lazy\" decoding=\"async\" width=\"500\" height=\"333\" src=\"https:\/\/www.xiangxiangdaily.com\/wp-content\/uploads\/2023\/12\/Quality-Management0.webp\" class=\"attachment-large size-large wp-image-26194\" alt=\"\" srcset=\"https:\/\/www.xiangxiangdaily.com\/wp-content\/uploads\/2023\/12\/Quality-Management0.webp 500w, https:\/\/www.xiangxiangdaily.com\/wp-content\/uploads\/2023\/12\/Quality-Management0-300x200.webp 300w\" sizes=\"(max-width: 500px) 100vw, 500px\" \/>\t\t\t\t\t\t\t\t\t\t\t\t\t\t\t<\/div>\n\t\t\t\t<\/div>\n\t\t\t\t<div class=\"elementor-element elementor-element-22771e0 elementor-widget elementor-widget-heading\" data-id=\"22771e0\" data-element_type=\"widget\" data-e-type=\"widget\" data-widget_type=\"heading.default\">\n\t\t\t\t<div class=\"elementor-widget-container\">\n\t\t\t\t\t<h4 class=\"elementor-heading-title elementor-size-default\">Qu\u1ea3n l\u00fd ch\u1ea5t l\u01b0\u1ee3ng<\/h4>\t\t\t\t<\/div>\n\t\t\t\t<\/div>\n\t\t\t\t<div class=\"elementor-element elementor-element-c27530d elementor-widget elementor-widget-heading\" data-id=\"c27530d\" data-element_type=\"widget\" data-e-type=\"widget\" data-widget_type=\"heading.default\">\n\t\t\t\t<div class=\"elementor-widget-container\">\n\t\t\t\t\t<p class=\"elementor-heading-title elementor-size-default\">Ki\u1ec3m to\u00e1n c\u00f3 h\u1ec7 th\u1ed1ng c\u00e1c s\u1ea3n ph\u1ea9m m\u1edbi, ki\u1ec3m so\u00e1t s\u1ea3n xu\u1ea5t li\u00ean t\u1ee5c c\u1ee7a t\u1eebng d\u00e2y chuy\u1ec1n v\u00e0 ki\u1ec3m to\u00e1n quy tr\u00ecnh.<\/p>\t\t\t\t<\/div>\n\t\t\t\t<\/div>\n\t\t\t\t<\/a>\n\t\t\t\t\t<\/div>\n\t\t\t\t<\/div>\n\t\t<div class=\"elementor-element elementor-element-2980634 e-flex e-con-boxed e-con e-parent\" data-id=\"2980634\" data-element_type=\"container\" data-e-type=\"container\">\n\t\t\t\t\t<div class=\"e-con-inner\">\n\t\t<a class=\"elementor-element elementor-element-124f62e e-con-full e-flex e-con e-child\" data-id=\"124f62e\" data-element_type=\"container\" data-e-type=\"container\" href=\"https:\/\/www.xiangxiangdaily.com\/vi\/kho-bai-hau-can\/\">\n\t\t\t\t<div class=\"elementor-element elementor-element-855325c elementor-widget elementor-widget-image\" data-id=\"855325c\" data-element_type=\"widget\" data-e-type=\"widget\" data-widget_type=\"image.default\">\n\t\t\t\t<div class=\"elementor-widget-container\">\n\t\t\t\t\t\t\t\t\t\t\t\t\t\t\t<img loading=\"lazy\" decoding=\"async\" width=\"500\" height=\"333\" src=\"https:\/\/www.xiangxiangdaily.com\/wp-content\/uploads\/2023\/12\/Inventory-Management0.webp\" class=\"attachment-large size-large wp-image-26186\" alt=\"\" srcset=\"https:\/\/www.xiangxiangdaily.com\/wp-content\/uploads\/2023\/12\/Inventory-Management0.webp 500w, https:\/\/www.xiangxiangdaily.com\/wp-content\/uploads\/2023\/12\/Inventory-Management0-300x200.webp 300w\" sizes=\"(max-width: 500px) 100vw, 500px\" \/>\t\t\t\t\t\t\t\t\t\t\t\t\t\t\t<\/div>\n\t\t\t\t<\/div>\n\t\t\t\t<div class=\"elementor-element elementor-element-80c74b3 elementor-widget elementor-widget-heading\" data-id=\"80c74b3\" data-element_type=\"widget\" data-e-type=\"widget\" data-widget_type=\"heading.default\">\n\t\t\t\t<div class=\"elementor-widget-container\">\n\t\t\t\t\t<h4 class=\"elementor-heading-title elementor-size-default\">Kho b\u00e3i &amp; H\u1eadu c\u1ea7n<\/h4>\t\t\t\t<\/div>\n\t\t\t\t<\/div>\n\t\t\t\t<div class=\"elementor-element elementor-element-5efd053 elementor-widget elementor-widget-heading\" data-id=\"5efd053\" data-element_type=\"widget\" data-e-type=\"widget\" data-widget_type=\"heading.default\">\n\t\t\t\t<div class=\"elementor-widget-container\">\n\t\t\t\t\t<p class=\"elementor-heading-title elementor-size-default\">V\u1edbi h\u01a1n 3 tri\u1ec7u feet vu\u00f4ng kh\u00f4ng gian kho b\u00e3i v\u00e0 kinh nghi\u1ec7m s\u00e2u r\u1ed9ng trong qu\u1ea3n l\u00fd h\u00e0ng t\u1ed3n kho, ch\u00fang t\u00f4i s\u1eb5n s\u00e0ng ph\u1ee5c v\u1ee5 b\u1ea1n.<\/p>\t\t\t\t<\/div>\n\t\t\t\t<\/div>\n\t\t\t\t<\/a>\n\t\t<a class=\"elementor-element elementor-element-ea0d23d e-con-full e-flex e-con e-child\" data-id=\"ea0d23d\" data-element_type=\"container\" data-e-type=\"container\" href=\"https:\/\/www.xiangxiangdaily.com\/vi\/dich-vu-sau-ban-hang\/\">\n\t\t\t\t<div class=\"elementor-element elementor-element-c9482da elementor-widget elementor-widget-image\" data-id=\"c9482da\" data-element_type=\"widget\" data-e-type=\"widget\" data-widget_type=\"image.default\">\n\t\t\t\t<div class=\"elementor-widget-container\">\n\t\t\t\t\t\t\t\t\t\t\t\t\t\t\t<img loading=\"lazy\" decoding=\"async\" width=\"500\" height=\"333\" src=\"https:\/\/www.xiangxiangdaily.com\/wp-content\/uploads\/2023\/12\/After-Sales-Services0.webp\" class=\"attachment-large size-large wp-image-99200\" alt=\"After-Sales Services(0)\" srcset=\"https:\/\/www.xiangxiangdaily.com\/wp-content\/uploads\/2023\/12\/After-Sales-Services0.webp 500w, https:\/\/www.xiangxiangdaily.com\/wp-content\/uploads\/2023\/12\/After-Sales-Services0-300x200.webp 300w\" sizes=\"(max-width: 500px) 100vw, 500px\" \/>\t\t\t\t\t\t\t\t\t\t\t\t\t\t\t<\/div>\n\t\t\t\t<\/div>\n\t\t\t\t<div class=\"elementor-element elementor-element-a025783 elementor-widget elementor-widget-heading\" data-id=\"a025783\" data-element_type=\"widget\" data-e-type=\"widget\" data-widget_type=\"heading.default\">\n\t\t\t\t<div class=\"elementor-widget-container\">\n\t\t\t\t\t<h4 class=\"elementor-heading-title elementor-size-default\">D\u1ecbch v\u1ee5 sau b\u00e1n h\u00e0ng<\/h4>\t\t\t\t<\/div>\n\t\t\t\t<\/div>\n\t\t\t\t<div class=\"elementor-element elementor-element-e9709d0 elementor-widget elementor-widget-heading\" data-id=\"e9709d0\" data-element_type=\"widget\" data-e-type=\"widget\" data-widget_type=\"heading.default\">\n\t\t\t\t<div class=\"elementor-widget-container\">\n\t\t\t\t\t<p class=\"elementor-heading-title elementor-size-default\">\u0110\u1ed9i ng\u0169 c\u1ee7a ch\u00fang t\u00f4i h\u1ed7 tr\u1ee3 b\u1ea1n t\u1eadn t\u00ecnh \u0111\u1ec3 \u0111\u1ea3m b\u1ea3o hi\u1ec7u qu\u1ea3 v\u00e0 kh\u1eafc ph\u1ee5c m\u1ecdi s\u1ef1 c\u1ed1.\n<\/p>\t\t\t\t<\/div>\n\t\t\t\t<\/div>\n\t\t\t\t<\/a>\n\t\t\t\t\t<\/div>\n\t\t\t\t<\/div>\n\t\t\t\t<\/div>\n\t\t","protected":false},"excerpt":{"rendered":"<p>Chu\u1ed7i cung \u1ee9ng h\u1ee3p l\u00fd: D\u1ecbch v\u1ee5 to\u00e0n di\u1ec7n Ch\u00fang t\u00f4i l\u00e0 m\u1ed9t trong nh\u1eefng nh\u00e0 cung c\u1ea5p d\u1ecbch v\u1ee5 s\u1ea3n xu\u1ea5t, ph\u00e2n ph\u1ed1i v\u00e0 t\u0103ng thu nh\u1eadp t\u1ed1t nh\u1ea5t. Home B\u00ean c\u1ea1nh b\u1ea1n t\u1eeb khi h\u00ecnh th\u00e0nh \u00fd t\u01b0\u1edfng \u0111\u1ebfn khi v\u1eadn chuy\u1ec3n \u0110\u1ed9i ng\u0169 k\u1ef9 thu\u1eadt v\u00e0 c\u00f4ng nghi\u1ec7p c\u1ee7a ch\u00fang t\u00f4i cung [&hellip;]<\/p>\n","protected":false},"author":1,"featured_media":26180,"parent":0,"menu_order":0,"comment_status":"closed","ping_status":"closed","template":"","meta":{"_acf_changed":false,"footnotes":""},"class_list":["post-26216","page","type-page","status-publish","has-post-thumbnail","hentry"],"acf":[],"_links":{"self":[{"href":"https:\/\/www.xiangxiangdaily.com\/vi\/wp-json\/wp\/v2\/pages\/26216","targetHints":{"allow":["GET"]}}],"collection":[{"href":"https:\/\/www.xiangxiangdaily.com\/vi\/wp-json\/wp\/v2\/pages"}],"about":[{"href":"https:\/\/www.xiangxiangdaily.com\/vi\/wp-json\/wp\/v2\/types\/page"}],"author":[{"embeddable":true,"href":"https:\/\/www.xiangxiangdaily.com\/vi\/wp-json\/wp\/v2\/users\/1"}],"replies":[{"embeddable":true,"href":"https:\/\/www.xiangxiangdaily.com\/vi\/wp-json\/wp\/v2\/comments?post=26216"}],"version-history":[{"count":0,"href":"https:\/\/www.xiangxiangdaily.com\/vi\/wp-json\/wp\/v2\/pages\/26216\/revisions"}],"wp:featuredmedia":[{"embeddable":true,"href":"https:\/\/www.xiangxiangdaily.com\/vi\/wp-json\/wp\/v2\/media\/26180"}],"wp:attachment":[{"href":"https:\/\/www.xiangxiangdaily.com\/vi\/wp-json\/wp\/v2\/media?parent=26216"}],"curies":[{"name":"wp","href":"https:\/\/api.w.org\/{rel}","templated":true}]}}