{"id":62915,"date":"2022-03-02T09:54:53","date_gmt":"2022-03-02T01:54:53","guid":{"rendered":"https:\/\/www.xiangxiangdaily.com\/privacy-policy\/"},"modified":"2026-02-28T17:23:49","modified_gmt":"2026-02-28T09:23:49","slug":"privacy-policy","status":"publish","type":"page","link":"https:\/\/www.xiangxiangdaily.com\/vi\/privacy-policy\/","title":{"rendered":"Ch\u00ednh s\u00e1ch b\u1ea3o m\u1eadt"},"content":{"rendered":"\t\t<div data-elementor-type=\"wp-page\" data-elementor-id=\"62915\" class=\"elementor elementor-62915 elementor-1017\" data-elementor-post-type=\"page\">\n\t\t\t\t<div class=\"elementor-element elementor-element-51053e5 e-flex e-con-boxed e-con e-parent\" data-id=\"51053e5\" data-element_type=\"container\" data-e-type=\"container\" data-settings=\"{&quot;background_background&quot;:&quot;classic&quot;}\">\n\t\t\t\t\t<div class=\"e-con-inner\">\n\t\t\t\t<div class=\"elementor-element elementor-element-3754c262 elementor-widget elementor-widget-heading\" data-id=\"3754c262\" data-element_type=\"widget\" data-e-type=\"widget\" data-widget_type=\"heading.default\">\n\t\t\t\t<div class=\"elementor-widget-container\">\n\t\t\t\t\t<h1 class=\"elementor-heading-title elementor-size-default\">  Ch\u00ednh s\u00e1ch b\u1ea3o m\u1eadt<\/h1>\t\t\t\t<\/div>\n\t\t\t\t<\/div>\n\t\t\t\t<div class=\"elementor-element elementor-element-d43209f elementor-align-center elementor-widget elementor-widget-breadcrumbs\" data-id=\"d43209f\" data-element_type=\"widget\" data-e-type=\"widget\" data-widget_type=\"breadcrumbs.default\">\n\t\t\t\t<div class=\"elementor-widget-container\">\n\t\t\t\t\t<nav><span class=\"last\">Trang ch\u1ee7<\/span><\/nav>\t\t\t\t<\/div>\n\t\t\t\t<\/div>\n\t\t\t\t\t<\/div>\n\t\t\t\t<\/div>\n\t\t<div class=\"elementor-element elementor-element-6442494 e-flex e-con-boxed e-con e-parent\" data-id=\"6442494\" data-element_type=\"container\" data-e-type=\"container\">\n\t\t\t\t\t<div class=\"e-con-inner\">\n\t\t\t\t<div class=\"elementor-element elementor-element-91aa2e4 elementor-widget elementor-widget-text-editor\" data-id=\"91aa2e4\" data-element_type=\"widget\" data-e-type=\"widget\" data-widget_type=\"text-editor.default\">\n\t\t\t\t<div class=\"elementor-widget-container\">\n\t\t\t\t\t\t\t\t\t<h2>Quy\u1ec1n ri\u00eang t\u01b0 r\u1ea5t quan tr\u1ecdng.<\/h2><p>Ch\u00fang t\u00f4i hi\u1ec3u r\u1eb1ng quy\u1ec1n ri\u00eang t\u01b0 d\u1eef li\u1ec7u l\u00e0 v\u1ea5n \u0111\u1ec1 h\u00e0ng \u0111\u1ea7u hi\u1ec7n nay v\u00e0 ch\u00fang t\u00f4i mu\u1ed1n b\u1ea1n t\u1eadn h\u01b0\u1edfng qu\u00e1 tr\u00ecnh t\u01b0\u01a1ng t\u00e1c v\u1edbi ch\u00fang t\u00f4i trong khi bi\u1ebft r\u1eb1ng ch\u00fang t\u00f4i coi tr\u1ecdng D\u1eef li\u1ec7u c\u00e1 nh\u00e2n c\u1ee7a b\u1ea1n v\u00e0 s\u1ebd b\u1ea3o v\u1ec7 d\u1eef li\u1ec7u \u0111\u00f3.<\/p><p>T\u1ea1i \u0111\u00e2y, b\u1ea1n s\u1ebd t\u00ecm th\u1ea5y t\u1ed5ng quan v\u1ec1 c\u00e1ch ch\u00fang t\u00f4i x\u1eed l\u00fd D\u1eef li\u1ec7u c\u00e1 nh\u00e2n c\u1ee7a b\u1ea1n, m\u1ee5c \u0111\u00edch ch\u00fang t\u00f4i x\u1eed l\u00fd d\u1eef li\u1ec7u \u0111\u00f3 v\u00e0 c\u00e1ch b\u1ea1n \u0111\u01b0\u1ee3c h\u01b0\u1edfng l\u1ee3i. B\u1ea1n c\u0169ng s\u1ebd th\u1ea5y quy\u1ec1n l\u1ee3i c\u1ee7a m\u00ecnh v\u00e0 c\u00e1ch li\u00ean h\u1ec7 v\u1edbi ch\u00fang t\u00f4i.<\/p><h2>C\u1eadp nh\u1eadt cho Th\u00f4ng b\u00e1o v\u1ec1 quy\u1ec1n ri\u00eang t\u01b0 n\u00e0y<\/h2><p>Khi doanh nghi\u1ec7p v\u00e0 c\u00f4ng ngh\u1ec7 ph\u00e1t tri\u1ec3n, ch\u00fang t\u00f4i c\u00f3 th\u1ec3 c\u1ea7n thay \u0111\u1ed5i Th\u00f4ng b\u00e1o v\u1ec1 quy\u1ec1n ri\u00eang t\u01b0 n\u00e0y. Ch\u00fang t\u00f4i khuy\u1ebfn kh\u00edch b\u1ea1n th\u01b0\u1eddng xuy\u00ean xem l\u1ea1i Th\u00f4ng b\u00e1o v\u1ec1 quy\u1ec1n ri\u00eang t\u01b0 n\u00e0y \u0111\u1ec3 \u0111\u1ea3m b\u1ea3o b\u1ea1n lu\u00f4n c\u1eadp nh\u1eadt v\u1ec1 c\u00e1ch Lidercare s\u1eed d\u1ee5ng D\u1eef li\u1ec7u c\u00e1 nh\u00e2n c\u1ee7a b\u1ea1n.<\/p><h2>D\u01b0\u1edbi 13 tu\u1ed5i?<\/h2><p>N\u1ebfu b\u1ea1n d\u01b0\u1edbi 13 tu\u1ed5i, ch\u00fang t\u00f4i y\u00eau c\u1ea7u b\u1ea1n vui l\u00f2ng \u0111\u1ee3i \u0111\u1ebfn khi l\u1edbn h\u01a1n m\u1ed9t ch\u00fat m\u1edbi c\u00f3 th\u1ec3 t\u01b0\u01a1ng t\u00e1c v\u1edbi ch\u00fang t\u00f4i ho\u1eb7c nh\u1edd cha m\u1eb9 ho\u1eb7c ng\u01b0\u1eddi gi\u00e1m h\u1ed9 <a class=\"link-whisper\" title=\"Li\u00ean h\u1ec7\" href=\"https:\/\/www.xiangxiangdaily.com\/vi\/lien-he\/\" target=\"_blank\" rel=\"noopener\" data-wpil-monitor-id=\"534\">li\u00ean h\u1ec7 v\u1edbi<\/a> ch\u00fang t\u00f4i! Ch\u00fang t\u00f4i kh\u00f4ng th\u1ec3 thu th\u1eadp v\u00e0 s\u1eed d\u1ee5ng D\u1eef li\u1ec7u c\u00e1 nh\u00e2n c\u1ee7a b\u1ea1n m\u00e0 kh\u00f4ng c\u00f3 s\u1ef1 \u0111\u1ed3ng \u00fd c\u1ee7a h\u1ecd.<\/p><h2>T\u1ea1i sao ch\u00fang t\u00f4i x\u1eed l\u00fd D\u1eef li\u1ec7u c\u00e1 nh\u00e2n c\u1ee7a b\u1ea1n?<\/h2><p>Ch\u00fang t\u00f4i x\u1eed l\u00fd D\u1eef li\u1ec7u c\u00e1 nh\u00e2n c\u1ee7a b\u1ea1n, bao g\u1ed3m m\u1ecdi d\u1eef li\u1ec7u c\u00e1 nh\u00e2n nh\u1ea1y c\u1ea3m m\u00e0 b\u1ea1n \u0111\u00e3 cung c\u1ea5p cho ch\u00fang t\u00f4i v\u1edbi s\u1ef1 \u0111\u1ed3ng \u00fd c\u1ee7a b\u1ea1n, \u0111\u1ec3 li\u00ean l\u1ea1c v\u1edbi b\u1ea1n, th\u1ef1c hi\u1ec7n \u0111\u01a1n \u0111\u1eb7t h\u00e0ng c\u1ee7a b\u1ea1n, tr\u1ea3 l\u1eddi c\u00e1c c\u00e2u h\u1ecfi c\u1ee7a b\u1ea1n v\u00e0 cung c\u1ea5p cho b\u1ea1n th\u00f4ng tin li\u00ean l\u1ea1c v\u1ec1 Lidercare v\u00e0 c\u00e1c s\u1ea3n ph\u1ea9m c\u1ee7a ch\u00fang t\u00f4i. Ch\u00fang t\u00f4i c\u0169ng x\u1eed l\u00fd D\u1eef li\u1ec7u c\u00e1 nh\u00e2n c\u1ee7a b\u1ea1n \u0111\u1ec3 gi\u00fap ch\u00fang t\u00f4i tu\u00e2n th\u1ee7 lu\u1eadt ph\u00e1p, b\u00e1n ho\u1eb7c chuy\u1ec3n nh\u01b0\u1ee3ng b\u1ea5t k\u1ef3 b\u1ed9 ph\u1eadn li\u00ean quan n\u00e0o trong doanh nghi\u1ec7p c\u1ee7a ch\u00fang t\u00f4i, qu\u1ea3n l\u00fd h\u1ec7 th\u1ed1ng v\u00e0 t\u00e0i ch\u00ednh, ti\u1ebfn h\u00e0nh \u0111i\u1ec1u tra v\u00e0 th\u1ef1c hi\u1ec7n c\u00e1c quy\u1ec1n h\u1ee3p ph\u00e1p. Ch\u00fang t\u00f4i k\u1ebft h\u1ee3p D\u1eef li\u1ec7u c\u00e1 nh\u00e2n c\u1ee7a b\u1ea1n t\u1eeb m\u1ecdi ngu\u1ed3n \u0111\u1ec3 c\u00f3 th\u1ec3 hi\u1ec3u r\u00f5 h\u01a1n v\u1ec1 b\u1ea1n nh\u1eb1m c\u1ea3i thi\u1ec7n v\u00e0 c\u00e1 nh\u00e2n h\u00f3a tr\u1ea3i nghi\u1ec7m c\u1ee7a b\u1ea1n khi t\u01b0\u01a1ng t\u00e1c v\u1edbi ch\u00fang t\u00f4i.<\/p><h2>Ai c\u00f3 th\u1ec3 truy c\u1eadp D\u1eef li\u1ec7u c\u00e1 nh\u00e2n c\u1ee7a b\u1ea1n v\u00e0 t\u1ea1i sao?<\/h2><p>Ch\u00fang t\u00f4i h\u1ea1n ch\u1ebf vi\u1ec7c ti\u1ebft l\u1ed9 D\u1eef li\u1ec7u c\u00e1 nh\u00e2n c\u1ee7a b\u1ea1n cho ng\u01b0\u1eddi kh\u00e1c, tuy nhi\u00ean ch\u00fang t\u00f4i c\u1ea7n ti\u1ebft l\u1ed9 D\u1eef li\u1ec7u c\u00e1 nh\u00e2n c\u1ee7a b\u1ea1n trong m\u1ed9t s\u1ed1 tr\u01b0\u1eddng h\u1ee3p nh\u1ea5t \u0111\u1ecbnh v\u00e0 ch\u1ee7 y\u1ebfu cho nh\u1eefng ng\u01b0\u1eddi nh\u1eadn sau:<\/p><p>C\u00e1c c\u00f4ng ty trong T\u1eadp \u0111o\u00e0n Lidercare, khi c\u1ea7n thi\u1ebft v\u00ec l\u1ee3i \u00edch h\u1ee3p ph\u00e1p c\u1ee7a ch\u00fang t\u00f4i ho\u1eb7c v\u1edbi s\u1ef1 \u0111\u1ed3ng \u00fd c\u1ee7a b\u1ea1n;<\/p><p>B\u00ean th\u1ee9 ba \u0111\u01b0\u1ee3c ch\u00fang t\u00f4i thu\u00ea \u0111\u1ec3 cung c\u1ea5p c\u00e1c d\u1ecbch v\u1ee5 nh\u01b0 qu\u1ea3n l\u00fd c\u00e1c trang web, \u1ee9ng d\u1ee5ng v\u00e0 d\u1ecbch v\u1ee5 c\u1ee7a Lidercare (v\u00ed d\u1ee5: t\u00ednh n\u0103ng, ch\u01b0\u01a1ng tr\u00ecnh v\u00e0 khuy\u1ebfn m\u00e3i) c\u00f3 s\u1eb5n cho b\u1ea1n, tu\u00e2n theo c\u00e1c bi\u1ec7n ph\u00e1p b\u1ea3o v\u1ec7 ph\u00f9 h\u1ee3p;<\/p><p>C\u00e1c c\u01a1 quan b\u00e1o c\u00e1o t\u00edn d\u1ee5ng\/ng\u01b0\u1eddi thu n\u1ee3, n\u1ebfu \u0111\u01b0\u1ee3c ph\u00e1p lu\u1eadt cho ph\u00e9p v\u00e0 n\u1ebfu ch\u00fang t\u00f4i c\u1ea7n x\u00e1c minh kh\u1ea3 n\u0103ng t\u00edn d\u1ee5ng c\u1ee7a b\u1ea1n (v\u00ed d\u1ee5: n\u1ebfu b\u1ea1n ch\u1ecdn \u0111\u1eb7t h\u00e0ng c\u00f3 h\u00f3a \u0111\u01a1n) ho\u1eb7c thu th\u1eadp c\u00e1c h\u00f3a \u0111\u01a1n ch\u01b0a thanh to\u00e1n; v\u00e0 C\u00e1c c\u01a1 quan v\u00e0 ch\u00ednh quy\u1ec1n c\u00f4ng c\u00f3 li\u00ean quan, n\u1ebfu \u0111\u01b0\u1ee3c ph\u00e1p lu\u1eadt ho\u1eb7c l\u1ee3i \u00edch kinh doanh h\u1ee3p ph\u00e1p y\u00eau c\u1ea7u.<\/p><h2>B\u1ea3o m\u1eadt v\u00e0 l\u01b0u gi\u1eef d\u1eef li\u1ec7u<\/h2><p>Ch\u00fang t\u00f4i s\u1eed d\u1ee5ng nhi\u1ec1u bi\u1ec7n ph\u00e1p kh\u00e1c nhau \u0111\u1ec3 gi\u1eef cho D\u1eef li\u1ec7u c\u00e1 nh\u00e2n c\u1ee7a b\u1ea1n \u0111\u01b0\u1ee3c b\u1ea3o m\u1eadt v\u00e0 an to\u00e0n, bao g\u1ed3m h\u1ea1n ch\u1ebf quy\u1ec1n truy c\u1eadp v\u00e0o D\u1eef li\u1ec7u c\u00e1 nh\u00e2n c\u1ee7a b\u1ea1n khi c\u1ea7n thi\u1ebft v\u00e0 tu\u00e2n th\u1ee7 c\u00e1c ti\u00eau chu\u1ea9n b\u1ea3o m\u1eadt ph\u00f9 h\u1ee3p \u0111\u1ec3 b\u1ea3o v\u1ec7 d\u1eef li\u1ec7u c\u1ee7a b\u1ea1n.<\/p><p>Ch\u00fang t\u00f4i th\u1ef1c hi\u1ec7n m\u1ecdi b\u01b0\u1edbc h\u1ee3p l\u00fd \u0111\u1ec3 \u0111\u1ea3m b\u1ea3o D\u1eef li\u1ec7u c\u00e1 nh\u00e2n c\u1ee7a b\u1ea1n ch\u1ec9 \u0111\u01b0\u1ee3c x\u1eed l\u00fd trong kho\u1ea3ng th\u1eddi gian t\u1ed1i thi\u1ec3u c\u1ea7n thi\u1ebft li\u00ean quan \u0111\u1ebfn: (i) c\u00e1c m\u1ee5c \u0111\u00edch \u0111\u01b0\u1ee3c n\u00eau trong Th\u00f4ng b\u00e1o v\u1ec1 quy\u1ec1n ri\u00eang t\u01b0 n\u00e0y; (ii) b\u1ea5t k\u1ef3 m\u1ee5c \u0111\u00edch b\u1ed5 sung n\u00e0o \u0111\u01b0\u1ee3c th\u00f4ng b\u00e1o cho b\u1ea1n t\u1ea1i ho\u1eb7c tr\u01b0\u1edbc th\u1eddi \u0111i\u1ec3m thu th\u1eadp D\u1eef li\u1ec7u c\u00e1 nh\u00e2n c\u00f3 li\u00ean quan ho\u1eb7c b\u1eaft \u0111\u1ea7u qu\u00e1 tr\u00ecnh x\u1eed l\u00fd c\u00f3 li\u00ean quan; ho\u1eb7c (iii) theo y\u00eau c\u1ea7u ho\u1eb7c \u0111\u01b0\u1ee3c ph\u00e9p theo lu\u1eadt hi\u1ec7n h\u00e0nh; v\u00e0 sau \u0111\u00f3, trong su\u1ed1t th\u1eddi h\u1ea1n c\u1ee7a b\u1ea5t k\u1ef3 th\u1eddi hi\u1ec7u n\u00e0o \u0111\u01b0\u1ee3c \u00e1p d\u1ee5ng. T\u00f3m l\u1ea1i, khi D\u1eef li\u1ec7u c\u00e1 nh\u00e2n c\u1ee7a b\u1ea1n kh\u00f4ng c\u00f2n c\u1ea7n thi\u1ebft n\u1eefa, ch\u00fang t\u00f4i s\u1ebd h\u1ee7y ho\u1eb7c x\u00f3a d\u1eef li\u1ec7u \u0111\u00f3 theo c\u00e1ch an to\u00e0n.<\/p><h2>Li\u00ean h\u1ec7 v\u1edbi ch\u00fang t\u00f4i<\/h2><p>Lidercare \u0111\u00f3ng vai tr\u00f2 l\u00e0 \u201cb\u00ean ki\u1ec3m so\u00e1t\u201d D\u1eef li\u1ec7u c\u00e1 nh\u00e2n c\u1ee7a b\u1ea1n \u0111\u01b0\u1ee3c x\u1eed l\u00fd theo ho\u1eb7c li\u00ean quan \u0111\u1ebfn Th\u00f4ng b\u00e1o v\u1ec1 quy\u1ec1n ri\u00eang t\u01b0 n\u00e0y. N\u1ebfu b\u1ea1n c\u00f3 b\u1ea5t k\u1ef3 c\u00e2u h\u1ecfi ho\u1eb7c \u00fd ki\u1ebfn n\u00e0o li\u00ean quan \u0111\u1ebfn Th\u00f4ng b\u00e1o v\u1ec1 quy\u1ec1n ri\u00eang t\u01b0 n\u00e0y ho\u1eb7c ho\u1ea1t \u0111\u1ed9ng thu th\u1eadp v\u00e0 x\u1eed l\u00fd D\u1eef li\u1ec7u c\u00e1 nh\u00e2n c\u1ee7a Lidercare, vui l\u00f2ng li\u00ean h\u1ec7 v\u1edbi ch\u00fang t\u00f4i ho\u1eb7c g\u1eedi email \u0111\u1ebfn Lidercare@hotmail.com ho\u1eb7c g\u1eedi th\u01b0 cho ch\u00fang t\u00f4i theo \u0111\u1ecba ch\u1ec9:<br> Ph\u00f2ng 221, T\u00f2a nh\u00e0 B, S\u1ed1 22 \u0110\u01b0\u1eddng Jianpeng, Ph\u1ed1 Helong, Qu\u1ea3ng Ch\u00e2u, Qu\u1ea3ng \u0110\u00f4ng, Trung Qu\u1ed1c<\/p>\t\t\t\t\t\t\t\t<\/div>\n\t\t\t\t<\/div>\n\t\t\t\t\t<\/div>\n\t\t\t\t<\/div>\n\t\t\t\t<\/div>\n\t\t","protected":false},"excerpt":{"rendered":"<p>Ch\u00ednh s\u00e1ch b\u1ea3o m\u1eadt Home Quy\u1ec1n ri\u00eang t\u01b0 r\u1ea5t quan tr\u1ecdng. Ch\u00fang t\u00f4i hi\u1ec3u r\u1eb1ng quy\u1ec1n ri\u00eang t\u01b0 d\u1eef li\u1ec7u l\u00e0 v\u1ea5n \u0111\u1ec1 h\u00e0ng \u0111\u1ea7u hi\u1ec7n nay v\u00e0 ch\u00fang t\u00f4i mu\u1ed1n b\u1ea1n t\u1eadn h\u01b0\u1edfng qu\u00e1 tr\u00ecnh t\u01b0\u01a1ng t\u00e1c v\u1edbi ch\u00fang t\u00f4i trong khi bi\u1ebft r\u1eb1ng ch\u00fang t\u00f4i coi tr\u1ecdng D\u1eef li\u1ec7u c\u00e1 nh\u00e2n c\u1ee7a b\u1ea1n [&hellip;]<\/p>\n","protected":false},"author":1,"featured_media":0,"parent":0,"menu_order":0,"comment_status":"closed","ping_status":"closed","template":"","meta":{"_acf_changed":false,"footnotes":""},"class_list":["post-62915","page","type-page","status-publish","hentry"],"acf":[],"_links":{"self":[{"href":"https:\/\/www.xiangxiangdaily.com\/vi\/wp-json\/wp\/v2\/pages\/62915","targetHints":{"allow":["GET"]}}],"collection":[{"href":"https:\/\/www.xiangxiangdaily.com\/vi\/wp-json\/wp\/v2\/pages"}],"about":[{"href":"https:\/\/www.xiangxiangdaily.com\/vi\/wp-json\/wp\/v2\/types\/page"}],"author":[{"embeddable":true,"href":"https:\/\/www.xiangxiangdaily.com\/vi\/wp-json\/wp\/v2\/users\/1"}],"replies":[{"embeddable":true,"href":"https:\/\/www.xiangxiangdaily.com\/vi\/wp-json\/wp\/v2\/comments?post=62915"}],"version-history":[{"count":0,"href":"https:\/\/www.xiangxiangdaily.com\/vi\/wp-json\/wp\/v2\/pages\/62915\/revisions"}],"wp:attachment":[{"href":"https:\/\/www.xiangxiangdaily.com\/vi\/wp-json\/wp\/v2\/media?parent=62915"}],"curies":[{"name":"wp","href":"https:\/\/api.w.org\/{rel}","templated":true}]}}